{"id":3112,"date":"2020-04-25T06:26:55","date_gmt":"2020-04-25T06:26:55","guid":{"rendered":"https:\/\/hondurasenalemania.com\/new\/?page_id=3112"},"modified":"2022-03-02T02:55:33","modified_gmt":"2022-03-02T02:55:33","slug":"instituciones-del-sector-privado","status":"publish","type":"page","link":"https:\/\/hondurasenalemania.com\/new\/instituciones-del-sector-privado\/","title":{"rendered":"Instituciones del sector Privado"},"content":{"rendered":"[vc_row type=&#8221;in_container&#8221; full_screen_row_position=&#8221;middle&#8221; column_margin=&#8221;default&#8221; column_direction=&#8221;default&#8221; column_direction_tablet=&#8221;default&#8221; column_direction_phone=&#8221;default&#8221; scene_position=&#8221;center&#8221; text_color=&#8221;dark&#8221; text_align=&#8221;left&#8221; row_border_radius=&#8221;none&#8221; row_border_radius_applies=&#8221;bg&#8221; overlay_strength=&#8221;0.3&#8243; gradient_direction=&#8221;left_to_right&#8221; shape_divider_position=&#8221;bottom&#8221; bg_image_animation=&#8221;none&#8221;][vc_column column_padding=&#8221;no-extra-padding&#8221; column_padding_tablet=&#8221;inherit&#8221; column_padding_phone=&#8221;inherit&#8221; column_padding_position=&#8221;all&#8221; background_color_opacity=&#8221;1&#8243; background_hover_color_opacity=&#8221;1&#8243; column_shadow=&#8221;none&#8221; column_border_radius=&#8221;none&#8221; column_link_target=&#8221;_self&#8221; gradient_direction=&#8221;left_to_right&#8221; overlay_strength=&#8221;0.3&#8243; width=&#8221;2\/3&#8243; tablet_width_inherit=&#8221;default&#8221; tablet_text_alignment=&#8221;default&#8221; phone_text_alignment=&#8221;default&#8221; column_border_width=&#8221;none&#8221; column_border_style=&#8221;solid&#8221; bg_image_animation=&#8221;none&#8221;][vc_column_text]\n<p style=\"text-align: justify;\"><strong>Asociaci\u00f3n de Fabricantes de Productos Farmac\u00e9uticos de Honduras (ANAPROFARH) <\/strong><\/p>\n<p style=\"text-align: justify;\">Direcci\u00f3n: Boulevard Suyapa, Edificio Metr\u00f3polis, Torre 1, Piso 12, Oficina 11210<\/p>\n<p style=\"text-align: justify;\">Tegucigalpa, Francisco Moraz\u00e1n, Honduras. Tel.: (504) 2255-6402<\/p>\n<p style=\"text-align: justify;\">Fax: (504) 2255-6408<\/p>\n<p style=\"text-align: justify;\">E-mail: <a href=\"mailto:info@anaprohfar.org\">info@anaprohfar.org<\/a>\u00a0 Sitio Web: <a href=\"http:\/\/www.anaprohfar.org\">www.anaprohfar.org<\/a><\/p>\n<p style=\"text-align: justify;\"><strong>Asociaci\u00f3n de Medios de Comunicaci\u00f3n (AMC) <\/strong><\/p>\n<p style=\"text-align: justify;\">Direcci\u00f3n: Boulevard Suyapa, oficinas de Televicentro Tegucigalpa, Francisco Moraz\u00e1n, Honduras.<\/p>\n<p style=\"text-align: justify;\">Tel.: (504) 2232-5514 (Ext. 4090)<\/p>\n<p style=\"text-align: justify;\">E-mail: <a href=\"mailto:ana.abarca.amc@multidata.hn\">ana.abarca.amc@multidata.hn<\/a><\/p>\n<p style=\"text-align: justify;\"><strong>Asociaci\u00f3n de Productores Av\u00edcolas de Honduras (PROAVIH) <\/strong><\/p>\n<p style=\"text-align: justify;\">Direcci\u00f3n: Barrio Suyapa 14 avenida 4 y 5 calle, S.O. #20 San Pedro Sula, Cort\u00e9s, Honduras.<\/p>\n<p style=\"text-align: justify;\">Tel.: (504) 2557-4636 \/ 4669 \/ 4761<\/p>\n<p style=\"text-align: justify;\">E-mail: <a href=\"mailto:proavih@proavih.com\">proavih@proavih.com<\/a><\/p>\n<p style=\"text-align: justify;\"><strong>Asociaci\u00f3n de Productores de Az\u00facar de Honduras (APAH) <\/strong><\/p>\n<p style=\"text-align: justify;\">Direcci\u00f3n: Colonia Tres Caminos, Bloque E 5ta. calle al fondo<\/p>\n<p style=\"text-align: justify;\">Tegucigalpa, Francisco Moraz\u00e1n, Honduras. Tel.: (504) 2239-4933 \/ 4934<\/p>\n<p style=\"text-align: justify;\">E-mail: <a href=\"mailto:apah@azucar.hn\">apah@azucar.hn<\/a> \u00a0Sitio Web: <a href=\"http:\/\/www.azucar.hn\">www.azucar.hn<\/a><\/p>\n<p style=\"text-align: justify;\"><strong>Asociaci\u00f3n de Propietarios de Farmacias <\/strong><\/p>\n<p style=\"text-align: justify;\">Direcci\u00f3n: Tegucigalpa, Francisco Moraz\u00e1n, Honduras. Tel.: (504) 2225-5006 \/ 2225-4273<\/p>\n<p style=\"text-align: justify;\">E-mail: <a href=\"mailto:karnel@karnel.net\">karnel@karnel.net<\/a><\/p>\n<p style=\"text-align: justify;\"><strong>Asociaci\u00f3n de Zonas Francas de Honduras (AZAFRANCA) <\/strong><\/p>\n<p style=\"text-align: justify;\">Direcci\u00f3n: San Pedro Sula, Cort\u00e9s, Honduras. Tel.: (504) 2554-2772 \/ 2776<\/p>\n<p style=\"text-align: justify;\">Fax: (504) 2554-0466, 2516-3092<\/p>\n<p style=\"text-align: justify;\">E-mail: <a href=\"mailto:azafranca.hn@gmail.com\">azafranca.hn@gmail.com<\/a><\/p>\n<p style=\"text-align: justify;\"><strong>Asociaci\u00f3n Hondure\u00f1a de Compa\u00f1\u00edas Representantes Navieras (AHCORENA) <\/strong><\/p>\n<p style=\"text-align: justify;\">Direcci\u00f3n: Barrio Barandilla, local 19A San Pedro Sula, Cort\u00e9s, Honduras.<\/p>\n<p style=\"text-align: justify;\">Tel \/ Fax: (504) 2552-4412 \/ 2552-9094<\/p>\n<p style=\"text-align: justify;\">E-mail: <a href=\"mailto:directorejecutivo@ahcorena.com\">directorejecutivo@ahcorena.com<\/a><\/p>\n<p style=\"text-align: justify;\"><strong>Asociaci\u00f3n Hondure\u00f1a de Distribuidores de Productos del Petrolero (AHDIPPE) <\/strong><\/p>\n<p style=\"text-align: justify;\">Direcci\u00f3n: Residencial Aeropuerto, Ave. Independencia, 15 de Septiembre,<\/p>\n<p style=\"text-align: justify;\">Tegucigalpa, Francisco Moraz\u00e1n, Honduras. Tel.: (504) 2234-2343 \/ 2345<\/p>\n<p style=\"text-align: justify;\">E-mail: <a href=\"mailto:ahdippe2013@gmail.com\">ahdippe2013@gmail.com<\/a>\u00a0 Sitio Web: <a href=\"http:\/\/www.ahdippe.org\">www.ahdippe.org<\/a><\/p>\n<p style=\"text-align: justify;\"><strong>Asociaci\u00f3n Hondure\u00f1a de Distribuidores de Veh\u00edculos de Honduras (AHDIVA) <\/strong><\/p>\n<p style=\"text-align: justify;\">Direcci\u00f3n: Centro Corporativo Los Pr\u00f3ceres, Torre 1, Segundo Piso, No. 201, Colonia San Carlos, entre Ave. La Paz y Boulevard Moraz\u00e1n<\/p>\n<p style=\"text-align: justify;\">Tegucigalpa, Francisco Moraz\u00e1n, Honduras. Tel\/Fax: (504) 2236-6868<\/p>\n<p style=\"text-align: justify;\">E-mail: <a href=\"mailto:ahdiva@ahdiva.org\">ahdiva@ahdiva.org<\/a>\u00a0 Sitio Web: <a href=\"http:\/\/www.ahdiva.org\">www.ahdiva.org<\/a><\/p>\n<p style=\"text-align: justify;\"><strong>Asociaci\u00f3n Hondure\u00f1a de Instituciones Bancarias (AHIBA) <\/strong><\/p>\n<p style=\"text-align: justify;\">Direcci\u00f3n: Edificio AHIBA, Boulevard Suyapa Tegucigalpa, Francisco Moraz\u00e1n, Honduras. Tel.: (504) 2235-6770 al 72<\/p>\n<p style=\"text-align: justify;\">Fax: (504) 2239-0191<\/p>\n<p style=\"text-align: justify;\">E-mail: <a href=\"mailto:info@ahiba.hn\">info@ahiba.hn<\/a> \u00a0Sitio Web: <a href=\"http:\/\/www.ahiba.hn\">www.ahiba.hn<\/a><\/p>\n<p style=\"text-align: justify;\"><strong>Asociaci\u00f3n Hondure\u00f1a de Maquiladoras (AHM) <\/strong><\/p>\n<p style=\"text-align: justify;\">Direcci\u00f3n: Altia Business Park, 12vo Piso, Boulevard Armenta<\/p>\n<p style=\"text-align: justify;\">San Pedro Sula, Cort\u00e9s, Honduras. Tel.: (504) 2516-9100 al 06<\/p>\n<p style=\"text-align: justify;\">E-mail: <a href=\"mailto:servicioalcliente@ahm-honduras.com\">servicioalcliente@ahm-honduras.com<\/a> \u00a0Sitio Web: <a href=\"http:\/\/www.ahm-honduras.com\">www.ahm-honduras.com<\/a><\/p>\n<p style=\"text-align: justify;\"><strong>Asociaci\u00f3n Hondure\u00f1a de Procesadores de Embutidos (AHPROEM) <\/strong><\/p>\n<p style=\"text-align: justify;\">Direcci\u00f3n: 14 Avenida, 4 y 5 calle Barrio Suyapa S.O. No. 20<\/p>\n<p style=\"text-align: justify;\">San Pedro Sula, Cort\u00e9s, Honduras. Tel.: (504) 2557-4636<\/p>\n<p style=\"text-align: justify;\">E-mail: <a href=\"mailto:ahproem@ahproem.com\">ahproem@ahproem.com<\/a> \u00a0Sitio Web: <a href=\"http:\/\/www.ahproem.com\">www.ahproem.com<\/a><\/p>\n<p style=\"text-align: justify;\"><strong>Asociaci\u00f3n Hondure\u00f1a de Productores de Caf\u00e9 (AHPROCAFE)<\/strong><\/p>\n<p style=\"text-align: justify;\">Direcci\u00f3n: Ave. Benito Ju\u00e1rez, Colonia Lara Tegucigalpa, Francisco Moraz\u00e1n, Honduras. Tel.: (504) 2236-8687<\/p>\n<p style=\"text-align: justify;\">E-mail: <a href=\"mailto:ahprocafetegus@yahoo.com\">ahprocafetegus@yahoo.com<\/a> \u00a0Sitio Web: <a href=\"http:\/\/www.ahprocafe.hn\">www.ahprocafe.hn<\/a><\/p>\n<p style=\"text-align: justify;\"><strong>Asociaci\u00f3n Nacional de Acuicultores de Honduras (ANDAH) <\/strong><\/p>\n<p style=\"text-align: justify;\">Direcci\u00f3n: Barrio Guadalupe, 1 cuadra al Norte de Escuela Caba\u00f1as<\/p>\n<p style=\"text-align: justify;\">Choluteca, Choluteca, Honduras Tel. (504) +504 2782-0986<\/p>\n<p style=\"text-align: justify;\">E-mail: <a href=\"mailto:andah@andah.hn\">andah@andah.hn<\/a> \u00a0Sitio Web: <a href=\"http:\/\/www.andah.hn\">www.andah.hn<\/a><\/p>\n<p style=\"text-align: justify;\"><strong>Asociaci\u00f3n Nacional de Artesanos de Honduras (ANAH) <\/strong><\/p>\n<p style=\"text-align: justify;\">Direcci\u00f3n: Barrio Guacerique, frente a Parque El Soldado<\/p>\n<p style=\"text-align: justify;\">Tegucigalpa, Francisco Moraz\u00e1n, Honduras. Tel \/ Fax: (504) 2238-4651<\/p>\n<p style=\"text-align: justify;\">E-mail: <a href=\"mailto:anahartesa26@yahoo.es\">anahartesa26@yahoo.es<\/a><\/p>\n<p style=\"text-align: justify;\"><strong>Asociaci\u00f3n Nacional de Avicultores de Honduras (ANAVIH) <\/strong><\/p>\n<p style=\"text-align: justify;\">Direcci\u00f3n: Barrio Suyapa 14 y 15 avenida, 4 calle, No 106 S.O.<\/p>\n<p style=\"text-align: justify;\">San Pedro Sula, Cort\u00e9s, Honduras. Tel \/ Fax: (504) 2550-2339 \/ 43<\/p>\n<p style=\"text-align: justify;\">E-mail: <a href=\"mailto:servicioalsocio@anavih.com\">servicioalsocio@anavih.com<\/a> \u00a0Sitio Web: <a href=\"http:\/\/www.anavih.com\">www.anavih.com<\/a><\/p>\n<p style=\"text-align: justify;\"><strong>Asociaci\u00f3n Nacional de Droguer\u00edas <\/strong><\/p>\n<p style=\"text-align: justify;\">Direcci\u00f3n: Barrio la Granja, Edificio Avanti Tegucigalpa, Francisco Moraz\u00e1n, Honduras. Tel.: (504) 2225-2575<\/p>\n<p style=\"text-align: justify;\">E-mail: <a href=\"mailto:universal@hasther.com\">universal@hasther.com<\/a><\/p>\n<p style=\"text-align: justify;\">Asociaci\u00f3n Nacional de Empacadoras de Carne (ANEDEC)<\/p>\n<p style=\"text-align: justify;\">Direcci\u00f3n: Colonia La Era, Zona El Carb\u00f3n Tegucigalpa, Francisco Moraz\u00e1n, Honduras. Tel.: (504) 2257-3132<\/p>\n<p style=\"text-align: justify;\">E-mail: <a href=\"mailto:roberto.moncada@globaldfa.com\">roberto.moncada@globaldfa.com<\/a><\/p>\n<p style=\"text-align: justify;\"><strong>Asociaci\u00f3n Nacional de Industriales (ANDI) <\/strong><\/p>\n<p style=\"text-align: justify;\">Direcci\u00f3n: Edificio Torre Alianza I, Nivel No.10, Lomas del Guijarro Sur. Boulevard San Juan Bosco, frente a Ficohsa.<\/p>\n<p style=\"text-align: justify;\">Tegucigalpa, Francisco Moraz\u00e1n, Honduras. Tel.: (504) 2271-0083 \/ 0084<\/p>\n<p style=\"text-align: justify;\">Fax: (504) 2271-0085<\/p>\n<p style=\"text-align: justify;\">E-mail: <a href=\"mailto:fgarcia@andi.hn\">fgarcia@andi.hn<\/a> ; <a href=\"mailto:andi@andi.hn\">andi@andi.hn<\/a> \u00a0Sitio Web: <a href=\"http:\/\/www.andi.hn\">www.andi.hn<\/a><\/p>\n<p style=\"text-align: justify;\"><strong>Asociaci\u00f3n Nacional de Molineros de Honduras (ANAMH) <\/strong><\/p>\n<p style=\"text-align: justify;\">Direcci\u00f3n: Boulevard Los Pr\u00f3ceres, Barrio R\u00edo de Piedras, Edificio del Carmen, 2da. planta<\/p>\n<p style=\"text-align: justify;\">San Pedro Sula, Cort\u00e9s, Honduras.<\/p>\n<p style=\"text-align: justify;\">Tel \/ Fax: (504) 2516-2897 \/ 2898 \/ 2899<\/p>\n<p style=\"text-align: justify;\">E-mail: <a href=\"mailto:amanamh@pronto.hn\">amanamh@pronto.hn<\/a><\/p>\n<p style=\"text-align: justify;\"><strong>C\u00e1mara Hondure\u00f1a de Aseguradores (CAHDA) <\/strong><\/p>\n<p style=\"text-align: justify;\">Direcci\u00f3n: Colonia. San Carlos, Edificio Real, 3290 Tegucigalpa. Francisco Moraz\u00e1n, Honduras.<\/p>\n<p style=\"text-align: justify;\">Tel.: (504) 2221-5354 \/ 5356<\/p>\n<p style=\"text-align: justify;\">E-mail: <a href=\"mailto:tmartinez@cahda.org\">tmartinez@cahda.org<\/a> ; <a href=\"mailto:info@cahda.org\">info@cahda.org<\/a> \u00a0Sitio Web: <a href=\"http:\/\/www.cahda.org\">www.cahda.org<\/a><\/p>\n<p style=\"text-align: justify;\"><strong>C\u00e1mara Hondure\u00f1a de la Industria de la Construcci\u00f3n (CHICO) <\/strong><\/p>\n<p style=\"text-align: justify;\">Direcci\u00f3n: Colonia Florencia Sur, Costado sur del Kinder Happy Faces, Casa #2525 Tegucigalpa. Francisco Moraz\u00e1n, Honduras.<\/p>\n<p style=\"text-align: justify;\">Tel\/Fax: (504) 2239-2039 \/ 2028 \/ 2029<\/p>\n<p style=\"text-align: justify;\">E-mail: <a href=\"mailto:gerencia@chicoorg.org\">gerencia@chicoorg.org<\/a> \u00a0\/ Sitio Web: <a href=\"http:\/\/www.chico.hn\">www.chico.hn<\/a><\/p>\n<p style=\"text-align: justify;\"><strong>C\u00e1mara Nacional de Turismo de Honduras <\/strong>(CANATURH)<\/p>\n<p style=\"text-align: justify;\">Direcci\u00f3n: Colonia Lomas del Guijarro Sur, calle Paris, Ave. Niza No. 1223<\/p>\n<p style=\"text-align: justify;\">Tegucigalpa, Francisco Moraz\u00e1n, Honduras. Tel.: (504) 2232-1927 \/ 6681<\/p>\n<p style=\"text-align: justify;\">E-mail: <a href=\"mailto:canaturh@canaturh.org\">canaturh@canaturh.org<\/a> ; <a href=\"mailto:direccion@canaturh.org\">direccion@canaturh.org<\/a><\/p>\n<p style=\"text-align: justify;\">Sitio Web: <a href=\"http:\/\/www.canaturh.org\">www.canaturh.org<\/a><\/p>\n<p style=\"text-align: justify;\"><strong>Centro Asesor para el Desarrollo de los Recursos Humanos de Honduras (CADERH) \/<\/strong><\/p>\n<p style=\"text-align: justify;\">Direcci\u00f3n: Colonia Palmira, Avenida Rep\u00fablica de Chile No. 341<\/p>\n<p style=\"text-align: justify;\">Tegucigalpa, Francisco Moraz\u00e1n, Honduras. Tel.: (504) 2231-1575 \/ 1750<\/p>\n<p style=\"text-align: justify;\">E-mail: <a href=\"mailto:servicios@caderh.hn\">servicios@caderh.hn<\/a> ; <a href=\"mailto:info@caderh.hn\">info@caderh.hn<\/a> \u00a0Sitio Web: <a href=\"http:\/\/www.caderh.hn\">www.caderh.hn<\/a><\/p>\n<p style=\"text-align: justify;\"><strong>Consejo Hondure\u00f1o de la Empresa Privada (COHEP) <\/strong><\/p>\n<p style=\"text-align: justify;\">Direcci\u00f3n: Colonia Tepeyac, Calle Yoro<\/p>\n<p style=\"text-align: justify;\">Tegucigalpa, Francisco Moraz\u00e1n, Honduras. Tel.: (504) 2235-3336<\/p>\n<p style=\"text-align: justify;\">Fax: (504) 2235-3345<\/p>\n<p style=\"text-align: justify;\">E-mail: <a href=\"mailto:presidencia@cohep.com\">presidencia@cohep.com<\/a> \u00a0Sitio Web: <a href=\"http:\/\/www.cohep.com\">www.cohep.com<\/a><\/p>\n<p style=\"text-align: justify;\"><strong>Federaci\u00f3n de Asociaciones de Productores y Exportadores Agropecuarios y Agroindustriales de Honduras (FPX) <\/strong><\/p>\n<p style=\"text-align: justify;\">Direcci\u00f3n: Boulevard al Hospital Mario Catarino Rivas San Pedro Sula, Cort\u00e9s, Honduras.<\/p>\n<p style=\"text-align: justify;\">Tel.: (504) 2566-0139 \/ 0795<\/p>\n<p style=\"text-align: justify;\">Fax: (504) 2566-3852<\/p>\n<p style=\"text-align: justify;\">E-mail: <a href=\"mailto:mgalindo@fpxhn.net\">mgalindo@fpxhn.net<\/a> \u00a0Sitio Web: <a href=\"http:\/\/www.fpxhn.net\">www.fpxhn.net<\/a><\/p>\n<p style=\"text-align: justify;\"><strong>Federaci\u00f3n Nacional de Agentes Aduanales deHonduras (FENADUANAH)<\/strong><\/p>\n<p style=\"text-align: justify;\">Direcci\u00f3n: Col. 15 de septiembre, Ave. Independencia, esquina opuesta Iglesia Santa Teresa de Jes\u00fas Tegucigalpa, Francisco Moraz\u00e1n, Honduras.<\/p>\n<p style=\"text-align: justify;\">Tel.: (504) 2233-0124 \/ 2233-0112<\/p>\n<p style=\"text-align: justify;\">Fax: (504) 2233-0028<\/p>\n<p style=\"text-align: justify;\">E-mail: <a href=\"mailto:Info@fenaduanah.hn\">Info@fenaduanah.hn<\/a> \u00a0Sitio Web: <a href=\"http:\/\/www.fenaduanah.hn\">www.fenaduanah.hn<\/a><\/p>\n<p style=\"text-align: justify;\"><strong>Federaci\u00f3n Nacional de Agricultores y Ganaderos de Honduras (FENAGH) <\/strong><\/p>\n<p style=\"text-align: justify;\">Direcci\u00f3n: Boulevard. Suyapa, Col. Florencia Sector Sur, Casa #3802, al lado de la Suzuki, frente a Banrural Tegucigalpa, Francisco Moraz\u00e1n, Honduras.<\/p>\n<p style=\"text-align: justify;\">Tel.: (504) 2239-1303 \/ 2231-1102<\/p>\n<p style=\"text-align: justify;\">Fax: (504) 2231-1392<\/p>\n<p style=\"text-align: justify;\">E-mail: <a href=\"mailto:fenagh@fenagh.net\">fenagh@fenagh.net<\/a> \u00a0Sitio Web: <a href=\"http:\/\/www.fenagh.net\">www.fenagh.net<\/a><\/p>\n<p style=\"text-align: justify;\">Federaci\u00f3n Nacional de Instituciones Educativas Privadas de Honduras (FENIEPH)<\/p>\n<p style=\"text-align: justify;\">Direcci\u00f3n: Tegucigalpa, Francisco Moraz\u00e1n, Honduras. Tel.: (504) 2239-6510<\/p>\n<p style=\"text-align: justify;\">Fax: (504) 2239-6509<\/p>\n<p style=\"text-align: justify;\">E-mail: elvel@elvel<\/p>\n[\/vc_column_text][\/vc_column][vc_column column_padding=&#8221;no-extra-padding&#8221; column_padding_tablet=&#8221;inherit&#8221; column_padding_phone=&#8221;inherit&#8221; column_padding_position=&#8221;all&#8221; background_color=&#8221;#ffffff&#8221; background_color_opacity=&#8221;1&#8243; background_hover_color_opacity=&#8221;1&#8243; column_shadow=&#8221;none&#8221; column_border_radius=&#8221;none&#8221; column_link_target=&#8221;_self&#8221; gradient_direction=&#8221;left_to_right&#8221; overlay_strength=&#8221;0.3&#8243; width=&#8221;1\/3&#8243; tablet_width_inherit=&#8221;default&#8221; tablet_text_alignment=&#8221;default&#8221; phone_text_alignment=&#8221;default&#8221; column_border_width=&#8221;none&#8221; column_border_style=&#8221;solid&#8221; bg_image_animation=&#8221;none&#8221;][\/vc_column][\/vc_row]\n","protected":false},"excerpt":{"rendered":"<p>[vc_row type=&#8221;in_container&#8221; full_screen_row_position=&#8221;middle&#8221; column_margin=&#8221;default&#8221; column_direction=&#8221;default&#8221; column_direction_tablet=&#8221;default&#8221; column_direction_phone=&#8221;default&#8221; scene_position=&#8221;center&#8221; text_color=&#8221;dark&#8221; text_align=&#8221;left&#8221; row_border_radius=&#8221;none&#8221; row_border_radius_applies=&#8221;bg&#8221; overlay_strength=&#8221;0.3&#8243; gradient_direction=&#8221;left_to_right&#8221; shape_divider_position=&#8221;bottom&#8221; bg_image_animation=&#8221;none&#8221;][vc_column column_padding=&#8221;no-extra-padding&#8221; column_padding_tablet=&#8221;inherit&#8221; column_padding_phone=&#8221;inherit&#8221; column_padding_position=&#8221;all&#8221; background_color_opacity=&#8221;1&#8243; background_hover_color_opacity=&#8221;1&#8243; column_shadow=&#8221;none&#8221; column_border_radius=&#8221;none&#8221; column_link_target=&#8221;_self&#8221; gradient_direction=&#8221;left_to_right&#8221; overlay_strength=&#8221;0.3&#8243; width=&#8221;2\/3&#8243; tablet_width_inherit=&#8221;default&#8221; tablet_text_alignment=&#8221;default&#8221;&#8230;<\/p>\n","protected":false},"author":1,"featured_media":0,"parent":0,"menu_order":0,"comment_status":"closed","ping_status":"closed","template":"","meta":{"nf_dc_page":"","_monsterinsights_skip_tracking":false,"_monsterinsights_sitenote_active":false,"_monsterinsights_sitenote_note":"","_monsterinsights_sitenote_category":0,"footnotes":""},"class_list":["post-3112","page","type-page","status-publish"],"_links":{"self":[{"href":"https:\/\/hondurasenalemania.com\/new\/wp-json\/wp\/v2\/pages\/3112","targetHints":{"allow":["GET"]}}],"collection":[{"href":"https:\/\/hondurasenalemania.com\/new\/wp-json\/wp\/v2\/pages"}],"about":[{"href":"https:\/\/hondurasenalemania.com\/new\/wp-json\/wp\/v2\/types\/page"}],"author":[{"embeddable":true,"href":"https:\/\/hondurasenalemania.com\/new\/wp-json\/wp\/v2\/users\/1"}],"replies":[{"embeddable":true,"href":"https:\/\/hondurasenalemania.com\/new\/wp-json\/wp\/v2\/comments?post=3112"}],"version-history":[{"count":2,"href":"https:\/\/hondurasenalemania.com\/new\/wp-json\/wp\/v2\/pages\/3112\/revisions"}],"predecessor-version":[{"id":3270,"href":"https:\/\/hondurasenalemania.com\/new\/wp-json\/wp\/v2\/pages\/3112\/revisions\/3270"}],"wp:attachment":[{"href":"https:\/\/hondurasenalemania.com\/new\/wp-json\/wp\/v2\/media?parent=3112"}],"curies":[{"name":"wp","href":"https:\/\/api.w.org\/{rel}","templated":true}]}}