{"id":3110,"date":"2020-04-25T06:25:09","date_gmt":"2020-04-25T06:25:09","guid":{"rendered":"https:\/\/hondurasenalemania.com\/new\/?page_id=3110"},"modified":"2022-03-02T02:54:26","modified_gmt":"2022-03-02T02:54:26","slug":"instituciones-del-gobierno-del-area-comercial","status":"publish","type":"page","link":"https:\/\/hondurasenalemania.com\/new\/instituciones-del-gobierno-del-area-comercial\/","title":{"rendered":"Instituciones del Gobierno del \u00e1rea comercial"},"content":{"rendered":"[vc_row type=&#8221;in_container&#8221; full_screen_row_position=&#8221;middle&#8221; column_margin=&#8221;default&#8221; column_direction=&#8221;default&#8221; column_direction_tablet=&#8221;default&#8221; column_direction_phone=&#8221;default&#8221; scene_position=&#8221;center&#8221; text_color=&#8221;dark&#8221; text_align=&#8221;left&#8221; row_border_radius=&#8221;none&#8221; row_border_radius_applies=&#8221;bg&#8221; overlay_strength=&#8221;0.3&#8243; gradient_direction=&#8221;left_to_right&#8221; shape_divider_position=&#8221;bottom&#8221; bg_image_animation=&#8221;none&#8221;][vc_column column_padding=&#8221;no-extra-padding&#8221; column_padding_tablet=&#8221;inherit&#8221; column_padding_phone=&#8221;inherit&#8221; column_padding_position=&#8221;all&#8221; background_color_opacity=&#8221;1&#8243; background_hover_color_opacity=&#8221;1&#8243; column_shadow=&#8221;none&#8221; column_border_radius=&#8221;none&#8221; column_link_target=&#8221;_self&#8221; gradient_direction=&#8221;left_to_right&#8221; overlay_strength=&#8221;0.3&#8243; width=&#8221;2\/3&#8243; tablet_width_inherit=&#8221;default&#8221; tablet_text_alignment=&#8221;default&#8221; phone_text_alignment=&#8221;default&#8221; column_border_width=&#8221;none&#8221; column_border_style=&#8221;solid&#8221; bg_image_animation=&#8221;none&#8221;][vc_column_text]\n<p style=\"text-align: justify;\"><strong>Secretar\u00eda de Relaciones Exteriores y Cooperaci\u00f3n Internacional <\/strong><\/p>\n<p style=\"text-align: justify;\">Direcci\u00f3n: Ave. Juan Ram\u00f3n Molina, 1ra. Calle, 7\u00aa. Ave., antiguo edificio del Banco Central, Barrio El Centro Tegucigalpa, Francisco Moraz\u00e1n, Honduras.<\/p>\n<p style=\"text-align: justify;\">Tel.: (504) 2236-0200 \/ 0300<\/p>\n<p style=\"text-align: justify;\">E-mail: <a href=\"mailto:cancilleria.honduras@gmail.com%20\">cancilleria.honduras@gmail.com <\/a>\/ prensa. <a href=\"mailto:cancilleria@sreci.gob.hn\">cancilleria@sreci.gob.hn<\/a><\/p>\n<p style=\"text-align: justify;\">Sitio W<a href=\"http:\/\/eb:%20www.sre.gob.hn\">eb: www.sre.gob.hn<\/a><\/p>\n<p style=\"text-align: justify;\"><strong>\u00a0<\/strong><\/p>\n<p style=\"text-align: justify;\"><strong>Secretar\u00eda de Desarrollo Econ\u00f3mico de Honduras<\/strong><\/p>\n<p style=\"text-align: justify;\">Direcci\u00f3n: Colonia Humuya, Edificio San Jos\u00e9 sobre el Boulevard Jos\u00e9 Cecilio del Valle, Tegucigalpa M.D.C., Honduras C.A.<\/p>\n<p style=\"text-align: justify;\">Tel.: (504) 2235-8485,<\/p>\n<p style=\"text-align: justify;\">Tel.: (504) 2235-3700<\/p>\n<p style=\"text-align: justify;\">E-mail: <a href=\"mailto:calidad@prohonduras.hn\">calidad@prohonduras.hn<\/a><\/p>\n<p style=\"text-align: justify;\"><a href=\"https:\/\/sde.gob.hn\/\">https:\/\/sde.gob.hn\/<\/a><\/p>\n<p style=\"text-align: justify;\"><strong>ProHonduras<\/strong><\/p>\n<p style=\"text-align: justify;\">Direcci\u00f3n: Colonia Humuya, Edificio San Jos\u00e9 sobre el Boulevard Jos\u00e9 Cecilio del Valle, Tegucigalpa M.D.C., Honduras C.A.<\/p>\n<p style=\"text-align: justify;\">Tel.: (504) 2213-0633 \/ 0377 \/ 0606<\/p>\n<p style=\"text-align: justify;\">E-mail: <a href=\"mailto:info@prohonduras.hn\">info@prohonduras.hn<\/a><\/p>\n<p style=\"text-align: justify;\"><a href=\"http:\/\/prohonduras.hn\/index.php\/espanol\/\">http:\/\/prohonduras.hn\/index.php\/espanol\/<\/a><\/p>\n<p style=\"text-align: justify;\"><strong>Instituto Hondure\u00f1o de Turismo <\/strong><\/p>\n<p style=\"text-align: justify;\">Direcci\u00f3n: Col. San Carlos, Edificio Europa, 5to. piso, Apartado Postal 3261,<\/p>\n<p style=\"text-align: justify;\">Tegucigalpa, Francisco Moraz\u00e1n, Honduras. Tel.: (504) 2222-2124<\/p>\n<p style=\"text-align: justify;\">E-mail: <a href=\"mailto:tourisminfo@iht.hn\">tourisminfo@iht.hn<\/a> Sitio Web: <a href=\"http:\/\/www.iht.hn\">www.iht.hn<\/a><\/p>\n[\/vc_column_text][\/vc_column][vc_column column_padding=&#8221;no-extra-padding&#8221; column_padding_tablet=&#8221;inherit&#8221; column_padding_phone=&#8221;inherit&#8221; column_padding_position=&#8221;all&#8221; background_color=&#8221;#ffffff&#8221; background_color_opacity=&#8221;1&#8243; background_hover_color_opacity=&#8221;1&#8243; column_shadow=&#8221;none&#8221; column_border_radius=&#8221;none&#8221; column_link_target=&#8221;_self&#8221; gradient_direction=&#8221;left_to_right&#8221; overlay_strength=&#8221;0.3&#8243; width=&#8221;1\/3&#8243; tablet_width_inherit=&#8221;default&#8221; tablet_text_alignment=&#8221;default&#8221; phone_text_alignment=&#8221;default&#8221; column_border_width=&#8221;none&#8221; column_border_style=&#8221;solid&#8221; bg_image_animation=&#8221;none&#8221;][\/vc_column][\/vc_row]\n","protected":false},"excerpt":{"rendered":"<p>[vc_row type=&#8221;in_container&#8221; full_screen_row_position=&#8221;middle&#8221; column_margin=&#8221;default&#8221; column_direction=&#8221;default&#8221; column_direction_tablet=&#8221;default&#8221; column_direction_phone=&#8221;default&#8221; scene_position=&#8221;center&#8221; text_color=&#8221;dark&#8221; text_align=&#8221;left&#8221; row_border_radius=&#8221;none&#8221; row_border_radius_applies=&#8221;bg&#8221; overlay_strength=&#8221;0.3&#8243; gradient_direction=&#8221;left_to_right&#8221; shape_divider_position=&#8221;bottom&#8221; bg_image_animation=&#8221;none&#8221;][vc_column column_padding=&#8221;no-extra-padding&#8221; column_padding_tablet=&#8221;inherit&#8221; column_padding_phone=&#8221;inherit&#8221; column_padding_position=&#8221;all&#8221; background_color_opacity=&#8221;1&#8243; background_hover_color_opacity=&#8221;1&#8243; column_shadow=&#8221;none&#8221; column_border_radius=&#8221;none&#8221; column_link_target=&#8221;_self&#8221; gradient_direction=&#8221;left_to_right&#8221; overlay_strength=&#8221;0.3&#8243; width=&#8221;2\/3&#8243; tablet_width_inherit=&#8221;default&#8221; tablet_text_alignment=&#8221;default&#8221;&#8230;<\/p>\n","protected":false},"author":1,"featured_media":0,"parent":0,"menu_order":0,"comment_status":"closed","ping_status":"closed","template":"","meta":{"nf_dc_page":"","_monsterinsights_skip_tracking":false,"_monsterinsights_sitenote_active":false,"_monsterinsights_sitenote_note":"","_monsterinsights_sitenote_category":0,"footnotes":""},"class_list":["post-3110","page","type-page","status-publish"],"_links":{"self":[{"href":"https:\/\/hondurasenalemania.com\/new\/wp-json\/wp\/v2\/pages\/3110","targetHints":{"allow":["GET"]}}],"collection":[{"href":"https:\/\/hondurasenalemania.com\/new\/wp-json\/wp\/v2\/pages"}],"about":[{"href":"https:\/\/hondurasenalemania.com\/new\/wp-json\/wp\/v2\/types\/page"}],"author":[{"embeddable":true,"href":"https:\/\/hondurasenalemania.com\/new\/wp-json\/wp\/v2\/users\/1"}],"replies":[{"embeddable":true,"href":"https:\/\/hondurasenalemania.com\/new\/wp-json\/wp\/v2\/comments?post=3110"}],"version-history":[{"count":2,"href":"https:\/\/hondurasenalemania.com\/new\/wp-json\/wp\/v2\/pages\/3110\/revisions"}],"predecessor-version":[{"id":3269,"href":"https:\/\/hondurasenalemania.com\/new\/wp-json\/wp\/v2\/pages\/3110\/revisions\/3269"}],"wp:attachment":[{"href":"https:\/\/hondurasenalemania.com\/new\/wp-json\/wp\/v2\/media?parent=3110"}],"curies":[{"name":"wp","href":"https:\/\/api.w.org\/{rel}","templated":true}]}}