{"id":3092,"date":"2020-04-25T04:46:32","date_gmt":"2020-04-25T04:46:32","guid":{"rendered":"https:\/\/hondurasenalemania.com\/new\/?page_id=3092"},"modified":"2022-03-02T02:52:21","modified_gmt":"2022-03-02T02:52:21","slug":"como-exportar-a-la-ue","status":"publish","type":"page","link":"https:\/\/hondurasenalemania.com\/new\/como-exportar-a-la-ue\/","title":{"rendered":"Invertir en Honduras"},"content":{"rendered":"[vc_row type=&#8221;in_container&#8221; full_screen_row_position=&#8221;middle&#8221; column_margin=&#8221;default&#8221; column_direction=&#8221;default&#8221; column_direction_tablet=&#8221;default&#8221; column_direction_phone=&#8221;default&#8221; scene_position=&#8221;center&#8221; text_color=&#8221;dark&#8221; text_align=&#8221;left&#8221; row_border_radius=&#8221;none&#8221; row_border_radius_applies=&#8221;bg&#8221; overlay_strength=&#8221;0.3&#8243; gradient_direction=&#8221;left_to_right&#8221; shape_divider_position=&#8221;bottom&#8221; bg_image_animation=&#8221;none&#8221;][vc_column column_padding=&#8221;no-extra-padding&#8221; column_padding_tablet=&#8221;inherit&#8221; column_padding_phone=&#8221;inherit&#8221; column_padding_position=&#8221;all&#8221; background_color_opacity=&#8221;1&#8243; background_hover_color_opacity=&#8221;1&#8243; column_shadow=&#8221;none&#8221; column_border_radius=&#8221;none&#8221; column_link_target=&#8221;_self&#8221; gradient_direction=&#8221;left_to_right&#8221; overlay_strength=&#8221;0.3&#8243; width=&#8221;2\/3&#8243; tablet_width_inherit=&#8221;default&#8221; tablet_text_alignment=&#8221;default&#8221; phone_text_alignment=&#8221;default&#8221; column_border_width=&#8221;none&#8221; column_border_style=&#8221;solid&#8221; bg_image_animation=&#8221;none&#8221;][vc_column_text]\n<h3 style=\"text-align: justify;\">INVERTIR EN HONDURAS: PORQU\u00c9 INVERTIR EN HONDURAS?<\/h3>\n<ul style=\"text-align: justify;\">\n<li>Honduras tiene acuerdos comerciales con m\u00e1s de 40 pa\u00edses en el mundo que le permiten acceder a 1500 millones de consumidores.<\/li>\n<\/ul>\n<p>&nbsp;<\/p>\n<ul style=\"text-align: justify;\">\n<li>Honduras posee una inmejorable ubicaci\u00f3n geogr\u00e1fica en el centro del continente, lo que le permite funcionar como un punto estrat\u00e9gico para comerciar con diversos mercados, tanto al norte como al sur del continente, la regi\u00f3n caribe\u00f1a y los mercados m\u00e1s all\u00e1 del hemisferio.<\/li>\n<\/ul>\n<p>&nbsp;<\/p>\n<ul style=\"text-align: justify;\">\n<li>Tiene la fuerza laboral m\u00e1s joven de Latinoam\u00e9rica y produce m\u00e1s de 10 mil graduados de escuelas biling\u00fces al a\u00f1o, m\u00e1s de 10 mil puestos de trabajo han sido abiertos en los \u00faltimos a\u00f1os en la industria de los servicios, sobre todo \u201cCall Centers\u201d. Tambi\u00e9n en otros sectores en los \u00faltimos 20 a\u00f1os, m\u00e1s de medio mill\u00f3n de hondure\u00f1os se han capacitado en la industria textil-confecci\u00f3n y ensamble de partes electr\u00f3nicas.<\/li>\n<\/ul>\n<p>&nbsp;<\/p>\n<ul style=\"text-align: justify;\">\n<li>Los costos de producci\u00f3n en un gran n\u00famero de industrias manufactureras y de servicios figuran entre los m\u00e1s bajos de la regi\u00f3n, gracias a la accesibilidad del costo de la energ\u00eda, la accesibilidad de costos de exportaci\u00f3n, un tipo de cambio flexible y acuerdos salariales.<\/li>\n<\/ul>\n<p>&nbsp;<\/p>\n<ul style=\"text-align: justify;\">\n<li>El nivel de costo de vida en Honduras resulta mucho m\u00e1s atractivo que otras zonas en donde el uso de monedas fuertes como el d\u00f3lar tienen el efecto de ser m\u00e1s caras para el inversionista que busca oportunidades. Se han hecho grandes esfuerzos por mantener la inflaci\u00f3n en un d\u00edgito.<\/li>\n<\/ul>\n<p>&nbsp;<\/p>\n<ul style=\"text-align: justify;\">\n<li>El pa\u00eds ofrece a los inversionistas generosos beneficios fiscales. En el 2010 se promulg\u00f3 la Ley de Incentivo y Protecci\u00f3n de las Inversiones, la que crea el marco legal para facilitar la llegada de capitales externos. Estos incentivos incluyen exoneraciones fiscales bajo ciertas circunstancias para las empresas que invierten en el pa\u00eds.<\/li>\n<\/ul>\n<p>&nbsp;<\/p>\n<ul style=\"text-align: justify;\">\n<li>En Honduras los modelos productivos respetan el medio ambiente y tambi\u00e9n se promueve la expansi\u00f3n de la seguridad social y los programas de vivienda para mejorar las condiciones de los trabajadores.<\/li>\n<\/ul>\n<p>&nbsp;<\/p>\n<ul style=\"text-align: justify;\">\n<li>Con cuatro aeropuertos internacionales y salida a dos oc\u00e9anos con puertos de aguas profundas, Honduras ofrece una interesante infraestructura para el comercio, la cual se encamina a ser modernizada mediante el esquema de alianzas p\u00fablico privadas, en proyectos que suman m\u00e1s de $1,500 millones en inversi\u00f3n.<\/li>\n<\/ul>\n<h3 style=\"text-align: justify;\"><a name=\"_Toc29821570\"><\/a>HONDURAS E-REGULATIONS<\/h3>\n<p style=\"text-align: justify;\">Es un sitio web para promover la transparencia y facilitar los tr\u00e1mites de inversi\u00f3n en nuestro pa\u00eds.\u00a0 En ella, se pueden encontrar los procedimientos para hacer negocios en Honduras detallando los pasos desde el punto de vista del empresarial. <a href=\"http:\/\/www.honduras.eregulations.org\">www.honduras.eregulations.org<\/a><\/p>\n[\/vc_column_text][\/vc_column][vc_column column_padding=&#8221;no-extra-padding&#8221; column_padding_tablet=&#8221;inherit&#8221; column_padding_phone=&#8221;inherit&#8221; column_padding_position=&#8221;all&#8221; background_color=&#8221;#ffffff&#8221; background_color_opacity=&#8221;1&#8243; background_hover_color_opacity=&#8221;1&#8243; column_shadow=&#8221;none&#8221; column_border_radius=&#8221;none&#8221; column_link_target=&#8221;_self&#8221; gradient_direction=&#8221;left_to_right&#8221; overlay_strength=&#8221;0.3&#8243; width=&#8221;1\/3&#8243; tablet_width_inherit=&#8221;default&#8221; tablet_text_alignment=&#8221;default&#8221; phone_text_alignment=&#8221;default&#8221; column_border_width=&#8221;none&#8221; column_border_style=&#8221;solid&#8221; bg_image_animation=&#8221;none&#8221;][\/vc_column][\/vc_row]\n","protected":false},"excerpt":{"rendered":"<p>[vc_row type=&#8221;in_container&#8221; full_screen_row_position=&#8221;middle&#8221; column_margin=&#8221;default&#8221; column_direction=&#8221;default&#8221; column_direction_tablet=&#8221;default&#8221; column_direction_phone=&#8221;default&#8221; scene_position=&#8221;center&#8221; text_color=&#8221;dark&#8221; text_align=&#8221;left&#8221; row_border_radius=&#8221;none&#8221; row_border_radius_applies=&#8221;bg&#8221; overlay_strength=&#8221;0.3&#8243; gradient_direction=&#8221;left_to_right&#8221; shape_divider_position=&#8221;bottom&#8221; bg_image_animation=&#8221;none&#8221;][vc_column column_padding=&#8221;no-extra-padding&#8221; column_padding_tablet=&#8221;inherit&#8221; column_padding_phone=&#8221;inherit&#8221; column_padding_position=&#8221;all&#8221; background_color_opacity=&#8221;1&#8243; background_hover_color_opacity=&#8221;1&#8243; column_shadow=&#8221;none&#8221; column_border_radius=&#8221;none&#8221; column_link_target=&#8221;_self&#8221; gradient_direction=&#8221;left_to_right&#8221; overlay_strength=&#8221;0.3&#8243; width=&#8221;2\/3&#8243; tablet_width_inherit=&#8221;default&#8221; tablet_text_alignment=&#8221;default&#8221;&#8230;<\/p>\n","protected":false},"author":1,"featured_media":0,"parent":0,"menu_order":0,"comment_status":"closed","ping_status":"closed","template":"","meta":{"nf_dc_page":"","_monsterinsights_skip_tracking":false,"_monsterinsights_sitenote_active":false,"_monsterinsights_sitenote_note":"","_monsterinsights_sitenote_category":0,"footnotes":""},"class_list":["post-3092","page","type-page","status-publish"],"_links":{"self":[{"href":"https:\/\/hondurasenalemania.com\/new\/wp-json\/wp\/v2\/pages\/3092","targetHints":{"allow":["GET"]}}],"collection":[{"href":"https:\/\/hondurasenalemania.com\/new\/wp-json\/wp\/v2\/pages"}],"about":[{"href":"https:\/\/hondurasenalemania.com\/new\/wp-json\/wp\/v2\/types\/page"}],"author":[{"embeddable":true,"href":"https:\/\/hondurasenalemania.com\/new\/wp-json\/wp\/v2\/users\/1"}],"replies":[{"embeddable":true,"href":"https:\/\/hondurasenalemania.com\/new\/wp-json\/wp\/v2\/comments?post=3092"}],"version-history":[{"count":5,"href":"https:\/\/hondurasenalemania.com\/new\/wp-json\/wp\/v2\/pages\/3092\/revisions"}],"predecessor-version":[{"id":3266,"href":"https:\/\/hondurasenalemania.com\/new\/wp-json\/wp\/v2\/pages\/3092\/revisions\/3266"}],"wp:attachment":[{"href":"https:\/\/hondurasenalemania.com\/new\/wp-json\/wp\/v2\/media?parent=3092"}],"curies":[{"name":"wp","href":"https:\/\/api.w.org\/{rel}","templated":true}]}}