{"id":3089,"date":"2020-04-25T04:39:04","date_gmt":"2020-04-25T04:39:04","guid":{"rendered":"https:\/\/hondurasenalemania.com\/new\/?page_id=3089"},"modified":"2022-03-02T02:51:56","modified_gmt":"2022-03-02T02:51:56","slug":"perfil-economico-de-honduras","status":"publish","type":"page","link":"https:\/\/hondurasenalemania.com\/new\/perfil-economico-de-honduras\/","title":{"rendered":"Perfil Econ\u00f3mico de Honduras"},"content":{"rendered":"[vc_row type=&#8221;in_container&#8221; full_screen_row_position=&#8221;middle&#8221; column_margin=&#8221;default&#8221; column_direction=&#8221;default&#8221; column_direction_tablet=&#8221;default&#8221; column_direction_phone=&#8221;default&#8221; scene_position=&#8221;center&#8221; text_color=&#8221;dark&#8221; text_align=&#8221;left&#8221; row_border_radius=&#8221;none&#8221; row_border_radius_applies=&#8221;bg&#8221; overlay_strength=&#8221;0.3&#8243; gradient_direction=&#8221;left_to_right&#8221; shape_divider_position=&#8221;bottom&#8221; bg_image_animation=&#8221;none&#8221;][vc_column column_padding=&#8221;no-extra-padding&#8221; column_padding_tablet=&#8221;inherit&#8221; column_padding_phone=&#8221;inherit&#8221; column_padding_position=&#8221;all&#8221; background_color_opacity=&#8221;1&#8243; background_hover_color_opacity=&#8221;1&#8243; column_shadow=&#8221;none&#8221; column_border_radius=&#8221;none&#8221; column_link_target=&#8221;_self&#8221; gradient_direction=&#8221;left_to_right&#8221; overlay_strength=&#8221;0.3&#8243; width=&#8221;2\/3&#8243; tablet_width_inherit=&#8221;default&#8221; tablet_text_alignment=&#8221;default&#8221; phone_text_alignment=&#8221;default&#8221; column_border_width=&#8221;none&#8221; column_border_style=&#8221;solid&#8221; bg_image_animation=&#8221;none&#8221;][vc_column_text]\n<table width=\"624\">\n<tbody>\n<tr>\n<td colspan=\"2\" width=\"624\"><strong>Datos Macroecon\u00f3micos y de Ingreso<\/strong><\/td>\n<\/tr>\n<tr>\n<td width=\"397\"><strong>\u00a0<\/strong><\/p>\n<p><strong>Crecimiento Econ\u00f3mico <\/strong>(BCH, proyecci\u00f3n 2019):<\/td>\n<td width=\"227\">&nbsp;<\/p>\n<p>Entre 3.3% y 3.7%<\/td>\n<\/tr>\n<tr>\n<td width=\"397\"><strong>PIB Per C\u00e1pita <\/strong>(BCH- 2018):<\/td>\n<td width=\"227\">US$ 2,662<\/td>\n<\/tr>\n<tr>\n<td width=\"397\"><strong>\u00cdndice de Desigualdad <\/strong>(Banco Mundial, 2017):<\/td>\n<td width=\"227\">50,5 % (Coeficiente de Gini)<\/td>\n<\/tr>\n<tr>\n<td width=\"397\"><strong>\u00cdndice de Pobreza <\/strong>(Poblaci\u00f3n abajo l\u00ednea de pobreza)<\/td>\n<td width=\"227\">55 %\u00a0 de la poblaci\u00f3n<\/td>\n<\/tr>\n<tr>\n<td width=\"397\"><strong>\u00cdndice de Pobreza Multidimensional <\/strong>( junio 2016 INE)<\/td>\n<td width=\"227\">70.7 %<\/td>\n<\/tr>\n<tr>\n<td width=\"397\"><strong>Tasa de Pol\u00edtica Monetaria<\/strong> (BCH, enero-2019):<\/td>\n<td width=\"227\">5.75%<\/td>\n<\/tr>\n<tr>\n<td width=\"397\"><strong>Deuda Externa <\/strong>(BCH- dic.-2018)<\/td>\n<td width=\"227\">US$ 7,377.9 Millones<\/td>\n<\/tr>\n<tr>\n<td width=\"397\"><strong>Deuda Interna <\/strong>(BCH \u2013 dic. 2018)<\/td>\n<td width=\"227\">LPS. 109,845.4 Millones<\/td>\n<\/tr>\n<tr>\n<td width=\"397\"><strong>Tipo de Cambio <\/strong>(BCH, 24-05-2019)<\/td>\n<td width=\"227\">Lps. 24.4747 por un d\u00f3lar<\/td>\n<\/tr>\n<tr>\n<td width=\"397\"><strong>Reservas Internacionales Netas <\/strong>(BCH, 23\/5\/2019)<\/td>\n<td width=\"227\">US$ 5,062.8 Millones.<\/td>\n<\/tr>\n<tr>\n<td width=\"397\"><strong>Inflaci\u00f3n acumulada <\/strong>(BCH, abril-2019):<\/p>\n<p><strong>Remesas familiares <\/strong>(BCH, dic-2018)<\/td>\n<td width=\"227\">2.13%<\/p>\n<p>US$\u00a0 4,759.9 Millones<\/p>\n<p>&nbsp;<\/td>\n<\/tr>\n<tr>\n<td colspan=\"2\" width=\"624\"><strong>Datos Demogr\u00e1ficos, Educaci\u00f3n y Mercado Laboral<\/strong><\/td>\n<\/tr>\n<tr>\n<td width=\"397\"><strong>\u00a0<\/strong><\/p>\n<p><strong>Poblaci\u00f3n <\/strong>(INE, mayo-2019):<\/td>\n<td width=\"227\">&nbsp;<\/p>\n<p>9 .1 millones de Personas<\/td>\n<\/tr>\n<tr>\n<td width=\"397\"><strong>Poblaci\u00f3n Econ\u00f3micamente Activa <\/strong>(INE- junio-2018):<\/td>\n<td width=\"227\">4.3 millones de Personas<\/td>\n<\/tr>\n<tr>\n<td width=\"397\"><strong>Desocupados <\/strong>(INE, junio-2018):<\/td>\n<td width=\"227\">245,700 de la PEA.<\/td>\n<\/tr>\n<tr>\n<td width=\"397\"><strong>Hogares en Condiciones de Pobreza <\/strong>(INE,06-2018):<\/td>\n<td width=\"227\">61.9% del total de Hogares.<\/td>\n<\/tr>\n<tr>\n<td width=\"397\"><strong>Analfabetismo <\/strong>(INE,06-2018):<\/td>\n<td width=\"227\">12% de la Poblaci\u00f3n.<\/td>\n<\/tr>\n<tr>\n<td width=\"397\"><strong>\u00a0<\/strong><\/td>\n<td width=\"227\"><\/td>\n<\/tr>\n<tr>\n<td colspan=\"2\" width=\"624\"><strong>Datos Balanza Comercial<\/strong><\/td>\n<\/tr>\n<tr>\n<td width=\"397\"><strong>\u00a0<\/strong><\/p>\n<p><strong>Exportaciones Totales <\/strong>(BCH, 2018):<\/td>\n<td width=\"227\">&nbsp;<\/p>\n<p>US$\u00a0 <strong>8,548.2\u00a0 <\/strong>Millones<\/td>\n<\/tr>\n<tr>\n<td width=\"397\"><strong>\u00a0\u00a0\u00a0\u00a0\u00a0\u00a0\u00a0\u00a0\u00a0\u00a0\u00a0\u00a0\u00a0\u00a0\u00a0\u00a0\u00a0\u00a0\u00a0\u00a0\u00a0\u00a0\u00a0\u00a0\u00a0 Mercanc\u00edas Generales <\/strong>(BCH, 2018):<\/td>\n<td width=\"227\">US$\u00a0 4,285.1\u00a0 Millones<\/td>\n<\/tr>\n<tr>\n<td width=\"397\"><strong>\u00a0\u00a0\u00a0\u00a0\u00a0\u00a0\u00a0\u00a0\u00a0\u00a0\u00a0\u00a0\u00a0\u00a0\u00a0\u00a0\u00a0\u00a0\u00a0\u00a0\u00a0\u00a0\u00a0\u00a0\u00a0 Bienes<\/strong> <strong>Trasformaci\u00f3n<\/strong> (BCH, 2018):<\/td>\n<td width=\"227\">US$\u00a0 4,263.1\u00a0 Millones<\/p>\n<p><strong>\u00a0<\/strong><\/td>\n<\/tr>\n<tr>\n<td width=\"397\"><strong>Importaciones Totales <\/strong>(BCH, 2018):<\/td>\n<td width=\"227\">US$\u00a0 <strong>12,190.8 <\/strong>\u00a0Millones<\/td>\n<\/tr>\n<tr>\n<td width=\"397\"><strong>\u00a0\u00a0\u00a0\u00a0\u00a0\u00a0\u00a0\u00a0\u00a0\u00a0\u00a0\u00a0\u00a0\u00a0\u00a0\u00a0\u00a0\u00a0\u00a0\u00a0\u00a0\u00a0\u00a0\u00a0\u00a0 Mercanc\u00edas Generales\u00a0 <\/strong>(BCH, 2018):<\/td>\n<td width=\"227\">US$\u00a0 9,482.8\u00a0 Millones<\/td>\n<\/tr>\n<tr>\n<td width=\"397\"><strong>\u00a0\u00a0\u00a0\u00a0\u00a0\u00a0\u00a0\u00a0\u00a0\u00a0\u00a0\u00a0\u00a0\u00a0\u00a0\u00a0\u00a0\u00a0\u00a0\u00a0\u00a0\u00a0\u00a0\u00a0\u00a0 Bienes<\/strong> <strong>Trasformaci\u00f3n\u00a0 <\/strong>(BCH, 2018):<\/td>\n<td width=\"227\">US$\u00a0 2,708.0\u00a0 Millones<\/td>\n<\/tr>\n<tr>\n<td width=\"397\"><strong>Balanza Comercial Total <\/strong>(BCH, 2018):<\/td>\n<td width=\"227\"><strong>D\u00e9ficit US$<\/strong>\u00a0 <strong>3,642.6\u00a0 <\/strong>Millones<\/td>\n<\/tr>\n<tr>\n<td width=\"397\"><strong>Balanza Comercial de Mercanc\u00edas Generales <\/strong>(BCH, 2018):<\/td>\n<td width=\"227\"><strong>D\u00e9ficit US$<\/strong>\u00a0 <strong>5,197.7\u00a0 <\/strong>Millones<\/td>\n<\/tr>\n<tr>\n<td colspan=\"2\" width=\"624\"><strong>Datos Competitividad, Corrupci\u00f3n y Desarrollo<\/strong><\/td>\n<\/tr>\n<tr>\n<td width=\"397\"><strong>\u00a0<\/strong><\/p>\n<p><strong>\u00cdndice Competitividad <\/strong>(World Economic Forum, 2018)<\/td>\n<td width=\"227\">&nbsp;<\/p>\n<p>Puesto 101 de 140.<\/td>\n<\/tr>\n<tr>\n<td width=\"397\"><strong>Calificaci\u00f3n Riesgo Pa\u00eds <\/strong><\/p>\n<p>(Consejo Monetario Centroamericano 06-2018):<\/p>\n<p>&nbsp;<\/td>\n<td width=\"227\">B1 Perspectiva Estable (Moody\u00b4s)<\/p>\n<p>BB- Perspectiva Estable (S&amp;P).<\/td>\n<\/tr>\n<tr>\n<td width=\"397\"><strong>\u00cdndice Percepci\u00f3n de la Corrupci\u00f3n: <\/strong><\/p>\n<p>(Transparencia Internacional, a\u00f1o 2018):<\/td>\n<td width=\"227\">Puesto 132 de 180 pa\u00edses.<\/p>\n<p>(Escala: 1= pa\u00eds m\u00e1s transparente).<\/td>\n<\/tr>\n<tr>\n<td width=\"397\"><strong>\u00cdndice Desarrollo Humano <\/strong>(PNUD<strong>, <\/strong>2018)<strong>:\u00a0 <\/strong><\/td>\n<td width=\"227\">Puesto 133 de 189 Naciones.<\/p>\n<p>&nbsp;<\/td>\n<\/tr>\n<\/tbody>\n<\/table>\n[\/vc_column_text][\/vc_column][vc_column column_padding=&#8221;no-extra-padding&#8221; column_padding_tablet=&#8221;inherit&#8221; column_padding_phone=&#8221;inherit&#8221; column_padding_position=&#8221;all&#8221; background_color=&#8221;#ffffff&#8221; background_color_opacity=&#8221;1&#8243; background_hover_color_opacity=&#8221;1&#8243; column_shadow=&#8221;none&#8221; column_border_radius=&#8221;none&#8221; column_link_target=&#8221;_self&#8221; gradient_direction=&#8221;left_to_right&#8221; overlay_strength=&#8221;0.3&#8243; width=&#8221;1\/3&#8243; tablet_width_inherit=&#8221;default&#8221; tablet_text_alignment=&#8221;default&#8221; phone_text_alignment=&#8221;default&#8221; column_border_width=&#8221;none&#8221; column_border_style=&#8221;solid&#8221; bg_image_animation=&#8221;none&#8221;][\/vc_column][\/vc_row]\n","protected":false},"excerpt":{"rendered":"<p>[vc_row type=&#8221;in_container&#8221; full_screen_row_position=&#8221;middle&#8221; column_margin=&#8221;default&#8221; column_direction=&#8221;default&#8221; column_direction_tablet=&#8221;default&#8221; column_direction_phone=&#8221;default&#8221; scene_position=&#8221;center&#8221; text_color=&#8221;dark&#8221; text_align=&#8221;left&#8221; row_border_radius=&#8221;none&#8221; row_border_radius_applies=&#8221;bg&#8221; overlay_strength=&#8221;0.3&#8243; gradient_direction=&#8221;left_to_right&#8221; shape_divider_position=&#8221;bottom&#8221; bg_image_animation=&#8221;none&#8221;][vc_column column_padding=&#8221;no-extra-padding&#8221; column_padding_tablet=&#8221;inherit&#8221; column_padding_phone=&#8221;inherit&#8221; column_padding_position=&#8221;all&#8221; background_color_opacity=&#8221;1&#8243; background_hover_color_opacity=&#8221;1&#8243; column_shadow=&#8221;none&#8221; column_border_radius=&#8221;none&#8221; column_link_target=&#8221;_self&#8221; gradient_direction=&#8221;left_to_right&#8221; overlay_strength=&#8221;0.3&#8243; width=&#8221;2\/3&#8243; tablet_width_inherit=&#8221;default&#8221; tablet_text_alignment=&#8221;default&#8221;&#8230;<\/p>\n","protected":false},"author":1,"featured_media":0,"parent":0,"menu_order":0,"comment_status":"closed","ping_status":"closed","template":"","meta":{"nf_dc_page":"","_monsterinsights_skip_tracking":false,"_monsterinsights_sitenote_active":false,"_monsterinsights_sitenote_note":"","_monsterinsights_sitenote_category":0,"footnotes":""},"class_list":["post-3089","page","type-page","status-publish"],"_links":{"self":[{"href":"https:\/\/hondurasenalemania.com\/new\/wp-json\/wp\/v2\/pages\/3089","targetHints":{"allow":["GET"]}}],"collection":[{"href":"https:\/\/hondurasenalemania.com\/new\/wp-json\/wp\/v2\/pages"}],"about":[{"href":"https:\/\/hondurasenalemania.com\/new\/wp-json\/wp\/v2\/types\/page"}],"author":[{"embeddable":true,"href":"https:\/\/hondurasenalemania.com\/new\/wp-json\/wp\/v2\/users\/1"}],"replies":[{"embeddable":true,"href":"https:\/\/hondurasenalemania.com\/new\/wp-json\/wp\/v2\/comments?post=3089"}],"version-history":[{"count":2,"href":"https:\/\/hondurasenalemania.com\/new\/wp-json\/wp\/v2\/pages\/3089\/revisions"}],"predecessor-version":[{"id":3265,"href":"https:\/\/hondurasenalemania.com\/new\/wp-json\/wp\/v2\/pages\/3089\/revisions\/3265"}],"wp:attachment":[{"href":"https:\/\/hondurasenalemania.com\/new\/wp-json\/wp\/v2\/media?parent=3089"}],"curies":[{"name":"wp","href":"https:\/\/api.w.org\/{rel}","templated":true}]}}