{"id":2731,"date":"2020-04-19T02:55:31","date_gmt":"2020-04-19T02:55:31","guid":{"rendered":"https:\/\/hondurasenalemania.com\/new\/?page_id=2731"},"modified":"2022-03-02T02:48:04","modified_gmt":"2022-03-02T02:48:04","slug":"visas","status":"publish","type":"page","link":"https:\/\/hondurasenalemania.com\/new\/visas\/","title":{"rendered":"VISAS"},"content":{"rendered":"[vc_row type=&#8221;in_container&#8221; full_screen_row_position=&#8221;middle&#8221; column_margin=&#8221;default&#8221; column_direction=&#8221;default&#8221; column_direction_tablet=&#8221;default&#8221; column_direction_phone=&#8221;default&#8221; scene_position=&#8221;center&#8221; text_color=&#8221;dark&#8221; text_align=&#8221;left&#8221; row_border_radius=&#8221;none&#8221; row_border_radius_applies=&#8221;bg&#8221; overlay_strength=&#8221;0.3&#8243; gradient_direction=&#8221;left_to_right&#8221; shape_divider_position=&#8221;bottom&#8221; bg_image_animation=&#8221;none&#8221;][vc_column column_padding=&#8221;no-extra-padding&#8221; column_padding_tablet=&#8221;inherit&#8221; column_padding_phone=&#8221;inherit&#8221; column_padding_position=&#8221;all&#8221; background_color_opacity=&#8221;1&#8243; background_hover_color_opacity=&#8221;1&#8243; column_shadow=&#8221;none&#8221; column_border_radius=&#8221;none&#8221; column_link_target=&#8221;_self&#8221; gradient_direction=&#8221;left_to_right&#8221; overlay_strength=&#8221;0.3&#8243; width=&#8221;2\/3&#8243; tablet_width_inherit=&#8221;default&#8221; tablet_text_alignment=&#8221;default&#8221; phone_text_alignment=&#8221;default&#8221; column_border_width=&#8221;none&#8221; column_border_style=&#8221;solid&#8221; bg_image_animation=&#8221;none&#8221;][vc_row_inner column_margin=&#8221;default&#8221; column_direction=&#8221;default&#8221; column_direction_tablet=&#8221;default&#8221; column_direction_phone=&#8221;default&#8221; text_align=&#8221;left&#8221;][vc_column_inner column_padding=&#8221;no-extra-padding&#8221; column_padding_tablet=&#8221;inherit&#8221; column_padding_phone=&#8221;inherit&#8221; column_padding_position=&#8221;all&#8221; background_color_opacity=&#8221;1&#8243; background_hover_color_opacity=&#8221;1&#8243; column_shadow=&#8221;none&#8221; column_border_radius=&#8221;none&#8221; column_link_target=&#8221;_self&#8221; gradient_direction=&#8221;left_to_right&#8221; overlay_strength=&#8221;0.3&#8243; width=&#8221;1\/1&#8243; tablet_width_inherit=&#8221;default&#8221; column_border_width=&#8221;none&#8221; column_border_style=&#8221;solid&#8221; bg_image_animation=&#8221;none&#8221;][nectar_btn size=&#8221;large&#8221; open_new_tab=&#8221;true&#8221; button_style=&#8221;regular&#8221; button_color_2=&#8221;Accent-Color&#8221; icon_family=&#8221;none&#8221; url=&#8221;https:\/\/hondurasenalemania.com\/new\/wp-content\/uploads\/2020\/04\/visa.pdf.pdf&#8221; text=&#8221;DESCARGAR FORLMULARIO DE VISAS&#8221;][divider line_type=&#8221;Full Width Line&#8221; line_thickness=&#8221;1&#8243; divider_color=&#8221;default&#8221;][\/vc_column_inner][\/vc_row_inner][vc_column_text]<strong>Modalidad de solicitud<\/strong><\/p>\n<p>La Secci\u00f3n Consular de Honduras en Berl\u00edn informa que para tramitar la Autorizaci\u00f3n de salida de menor el interesado deber\u00e1 solicitar cita enviando previamente al correo electr\u00f3nico <a href=\"mailto:schn.berlin@gmail.com\">schn.berlin@gmail.com<\/a> los documentos solicitados en los requisitos. Una vez recibido todo lo anterior, se le ofrecer\u00e1 una cita v\u00eda e-mail para la firma del documento.<\/p>\n<p>Se ruega gentilmente esperar la cita por email. Esta autorizaci\u00f3n tiene una vigencia de 90 d\u00edas a partir del d\u00eda en que se tramita.<\/p>\n<p><strong>Requisitos:<\/strong><\/p>\n<ul>\n<li>Formulario de solicitud lleno. <a href=\"https:\/\/hondurasenalemania.com\/new\/wp-content\/uploads\/2020\/04\/visa.pdf.pdf\" target=\"_blank\" rel=\"noopener noreferrer\"><strong>Ingresar link de formulario<\/strong><\/a><\/li>\n<li>Fotocopia simple del pasaporte vigente de al menos 6 meses.<\/li>\n<li>Certificado de trabajo o las tres \u00faltimos comprobantes de pago.<\/li>\n<li>Certificado o Constancia de suficientes fondos para viajar (mediante constancias bancarias y estados financieros).<\/li>\n<li>Carta de invitaci\u00f3n de una persona privada o empresa en Honduras. En caso de no tener un contacto, entregar la reserva del hotel.<\/li>\n<li>Una foto reciente tama\u00f1o carnet.<\/li>\n<li>Especificar si posee Visa Americana, Canadiense o Schengen vigentes. En caso de poseerlas adjuntar copias.<\/li>\n<\/ul>\n<p><strong>Costo:<\/strong><\/p>\n<p>Los tipos de visas que se otorgan son los siguientes:<\/p>\n<p>Visa Simple (una entrada y salida) \u2013 valor <strong>$30.00 \/ <\/strong><strong>\u20ac29.00<\/strong><\/p>\n<p>Visa M\u00faltiple (entradas y salidas m\u00faltiples) \u2013 <strong>valor $60.00\/ <\/strong><strong>\u20ac<\/strong><strong>58.00<\/strong><\/p>\n<p>Se deber\u00e1 presentar junto con los requisitos del tr\u00e1mite a realizar y la hoja de dep\u00f3sito del banco.<\/p>\n<p>&nbsp;<\/p>\n<p>Hacer el dep\u00f3sito en la Cuenta de Euros<\/p>\n<p>&nbsp;<\/p>\n<p>A nombre de:<\/p>\n<p>Botschaft von Honduras &#8211; Seccion Consular<\/p>\n<p>Deutsche Bank BLZ 10070000<\/p>\n<p>Cuenta No. 927844100<\/p>\n<p>Si desea hacer una transferencia internacional<\/p>\n<p>IBAN: DE02 1007 0000 0927 8441 00<\/p>\n<p>SWIFT-BIC: DEUTDEBBXXX<\/p>\n<p>&nbsp;<\/p>\n<p><strong><em>NOTA: No se realizar\u00e1n tr\u00e1mites si el banco cobra a la cuenta alg\u00fan tipo de comisi\u00f3n, especificar que todos los gastos corren por cuenta del depositante. Se recomienda que el deposito se haga mediante transferencia bancaria. <\/em><\/strong><\/p>\n<p>&nbsp;<\/p>\n<p>&nbsp;<\/p>\n<p><strong>Nota<\/strong><\/p>\n<p>Despu\u00e9s de la entrega de la documentaci\u00f3n completa, el c\u00f3nsul realizar\u00e1 una entrevista con el\/la interesado\/a y se reserva el derecho de exigir m\u00e1s documentaci\u00f3n.<\/p>\n<p>El cumplimiento de los antecedentes aqu\u00ed se\u00f1alados no compromete el otorgamiento de la visa solicitada.<\/p>\n<p><strong><u>\u00a0<\/u><\/strong>[\/vc_column_text][vc_row_inner column_margin=&#8221;default&#8221; column_direction=&#8221;default&#8221; column_direction_tablet=&#8221;default&#8221; column_direction_phone=&#8221;default&#8221; text_align=&#8221;left&#8221;][vc_column_inner column_padding=&#8221;no-extra-padding&#8221; column_padding_tablet=&#8221;inherit&#8221; column_padding_phone=&#8221;inherit&#8221; column_padding_position=&#8221;all&#8221; background_color_opacity=&#8221;1&#8243; background_hover_color_opacity=&#8221;1&#8243; column_shadow=&#8221;none&#8221; column_border_radius=&#8221;none&#8221; column_link_target=&#8221;_self&#8221; gradient_direction=&#8221;left_to_right&#8221; overlay_strength=&#8221;0.3&#8243; width=&#8221;1\/1&#8243; tablet_width_inherit=&#8221;default&#8221; column_border_width=&#8221;none&#8221; column_border_style=&#8221;solid&#8221; bg_image_animation=&#8221;none&#8221;][divider line_type=&#8221;Full Width Line&#8221; line_thickness=&#8221;1&#8243; divider_color=&#8221;default&#8221;][nectar_btn size=&#8221;large&#8221; open_new_tab=&#8221;true&#8221; button_style=&#8221;regular&#8221; button_color_2=&#8221;Accent-Color&#8221; icon_family=&#8221;none&#8221; url=&#8221;https:\/\/hondurasenalemania.com\/new\/wp-content\/uploads\/2020\/04\/visa.pdf.pdf&#8221; text=&#8221;DESCARGAR FORLMULARIO DE VISAS&#8221;][divider line_type=&#8221;Full Width Line&#8221; line_thickness=&#8221;1&#8243; divider_color=&#8221;default&#8221;][\/vc_column_inner][\/vc_row_inner][\/vc_column][vc_column column_padding=&#8221;no-extra-padding&#8221; column_padding_tablet=&#8221;inherit&#8221; column_padding_phone=&#8221;inherit&#8221; column_padding_position=&#8221;all&#8221; background_color=&#8221;#ffffff&#8221; background_color_opacity=&#8221;1&#8243; background_hover_color_opacity=&#8221;1&#8243; column_shadow=&#8221;none&#8221; column_border_radius=&#8221;none&#8221; column_link_target=&#8221;_self&#8221; gradient_direction=&#8221;left_to_right&#8221; overlay_strength=&#8221;0.3&#8243; width=&#8221;1\/3&#8243; tablet_width_inherit=&#8221;default&#8221; tablet_text_alignment=&#8221;default&#8221; phone_text_alignment=&#8221;default&#8221; column_border_width=&#8221;none&#8221; column_border_style=&#8221;solid&#8221; bg_image_animation=&#8221;none&#8221;][\/vc_column][\/vc_row]\n","protected":false},"excerpt":{"rendered":"<p>[vc_row type=&#8221;in_container&#8221; full_screen_row_position=&#8221;middle&#8221; column_margin=&#8221;default&#8221; column_direction=&#8221;default&#8221; column_direction_tablet=&#8221;default&#8221; column_direction_phone=&#8221;default&#8221; scene_position=&#8221;center&#8221; text_color=&#8221;dark&#8221; text_align=&#8221;left&#8221; row_border_radius=&#8221;none&#8221; row_border_radius_applies=&#8221;bg&#8221; overlay_strength=&#8221;0.3&#8243; gradient_direction=&#8221;left_to_right&#8221; shape_divider_position=&#8221;bottom&#8221; bg_image_animation=&#8221;none&#8221;][vc_column column_padding=&#8221;no-extra-padding&#8221; column_padding_tablet=&#8221;inherit&#8221; column_padding_phone=&#8221;inherit&#8221; column_padding_position=&#8221;all&#8221; background_color_opacity=&#8221;1&#8243; background_hover_color_opacity=&#8221;1&#8243; column_shadow=&#8221;none&#8221; column_border_radius=&#8221;none&#8221; column_link_target=&#8221;_self&#8221; gradient_direction=&#8221;left_to_right&#8221; overlay_strength=&#8221;0.3&#8243; width=&#8221;2\/3&#8243; tablet_width_inherit=&#8221;default&#8221; tablet_text_alignment=&#8221;default&#8221;&#8230;<\/p>\n","protected":false},"author":1,"featured_media":0,"parent":0,"menu_order":0,"comment_status":"closed","ping_status":"closed","template":"","meta":{"nf_dc_page":"","_monsterinsights_skip_tracking":false,"_monsterinsights_sitenote_active":false,"_monsterinsights_sitenote_note":"","_monsterinsights_sitenote_category":0,"footnotes":""},"class_list":["post-2731","page","type-page","status-publish"],"_links":{"self":[{"href":"https:\/\/hondurasenalemania.com\/new\/wp-json\/wp\/v2\/pages\/2731","targetHints":{"allow":["GET"]}}],"collection":[{"href":"https:\/\/hondurasenalemania.com\/new\/wp-json\/wp\/v2\/pages"}],"about":[{"href":"https:\/\/hondurasenalemania.com\/new\/wp-json\/wp\/v2\/types\/page"}],"author":[{"embeddable":true,"href":"https:\/\/hondurasenalemania.com\/new\/wp-json\/wp\/v2\/users\/1"}],"replies":[{"embeddable":true,"href":"https:\/\/hondurasenalemania.com\/new\/wp-json\/wp\/v2\/comments?post=2731"}],"version-history":[{"count":6,"href":"https:\/\/hondurasenalemania.com\/new\/wp-json\/wp\/v2\/pages\/2731\/revisions"}],"predecessor-version":[{"id":3258,"href":"https:\/\/hondurasenalemania.com\/new\/wp-json\/wp\/v2\/pages\/2731\/revisions\/3258"}],"wp:attachment":[{"href":"https:\/\/hondurasenalemania.com\/new\/wp-json\/wp\/v2\/media?parent=2731"}],"curies":[{"name":"wp","href":"https:\/\/api.w.org\/{rel}","templated":true}]}}