{"id":2729,"date":"2020-04-19T02:53:51","date_gmt":"2020-04-19T02:53:51","guid":{"rendered":"https:\/\/hondurasenalemania.com\/new\/?page_id=2729"},"modified":"2022-03-02T02:47:29","modified_gmt":"2022-03-02T02:47:29","slug":"autorizaciones","status":"publish","type":"page","link":"https:\/\/hondurasenalemania.com\/new\/autorizaciones\/","title":{"rendered":"Autorizaciones"},"content":{"rendered":"[vc_row type=&#8221;in_container&#8221; full_screen_row_position=&#8221;middle&#8221; column_margin=&#8221;default&#8221; column_direction=&#8221;default&#8221; column_direction_tablet=&#8221;default&#8221; column_direction_phone=&#8221;default&#8221; scene_position=&#8221;center&#8221; text_color=&#8221;dark&#8221; text_align=&#8221;left&#8221; row_border_radius=&#8221;none&#8221; row_border_radius_applies=&#8221;bg&#8221; overlay_strength=&#8221;0.3&#8243; gradient_direction=&#8221;left_to_right&#8221; shape_divider_position=&#8221;bottom&#8221; bg_image_animation=&#8221;none&#8221;][vc_column column_padding=&#8221;no-extra-padding&#8221; column_padding_tablet=&#8221;inherit&#8221; column_padding_phone=&#8221;inherit&#8221; column_padding_position=&#8221;all&#8221; background_color_opacity=&#8221;1&#8243; background_hover_color_opacity=&#8221;1&#8243; column_shadow=&#8221;none&#8221; column_border_radius=&#8221;none&#8221; column_link_target=&#8221;_self&#8221; gradient_direction=&#8221;left_to_right&#8221; overlay_strength=&#8221;0.3&#8243; width=&#8221;2\/3&#8243; tablet_width_inherit=&#8221;default&#8221; tablet_text_alignment=&#8221;default&#8221; phone_text_alignment=&#8221;default&#8221; column_border_width=&#8221;none&#8221; column_border_style=&#8221;solid&#8221; bg_image_animation=&#8221;none&#8221;][vc_column_text]\n<p style=\"text-align: justify;\">Modalidad de solicitud<\/p>\n<p style=\"text-align: justify;\">La Secci\u00f3n Consular de Honduras en Berl\u00edn informa que para tramitar la Autorizaci\u00f3n de salida de menor el interesado deber\u00e1 solicitar cita enviando previamente al correo electr\u00f3nico\u00a0<span id=\"cloak4401939880b21127314b84d4e8cd4666\"><a href=\"mailto:schn.berlin@gmail.com\">schn.berlin@gmail.com<\/a><\/span>\u00a0los documentos solicitados en los requisitos. Una vez recibido todo lo anterior, se le ofrecer\u00e1 una cita v\u00eda e-mail para la firma del documento.<\/p>\n<p>Se ruega gentilmente esperar la cita por email. Esta autorizaci\u00f3n tiene una vigencia de 90 d\u00edas a partir del d\u00eda en que se tramita.<\/p>\n<h4 style=\"text-align: justify;\"><strong>Requisitos:<\/strong><\/h4>\n<ul style=\"text-align: justify;\">\n<li>Pasaporte vigente o tarjeta de identidad Hondure\u00f1a del padre\/madre que autoriza que vive en Alemania.<\/li>\n<li>Partida de Nacimiento original del menor.<\/li>\n<li>Fotocopia del Pasaporte del menor.<\/li>\n<li>Nombre completo y fotocopia del n\u00famero de identidad de la persona que acompa\u00f1a al menor en su viaje.<\/li>\n<li>Comprobante de pago por medio de transferencia bancaria.<\/li>\n<\/ul>\n<h4 style=\"text-align: justify;\"><strong>Costo<\/strong>:<\/h4>\n<h4 style=\"text-align: justify;\"><span class=\"alert-notice alert alert-info bg-info\">48 Euros.\u00a0 \u00a0 \u00a0 \u00a0 \u00a0 \u00a0 \u00a0 \u00a0 \u00a0 \u00a0 \u00a0 \u00a0 \u00a0 \u00a0 \u00a0 \u00a0 \u00a0 \u00a0 \u00a0 \u00a0 \u00a0 \u00a0 \u00a0 \u00a0 \u00a0 \u00a0 \u00a0 \u00a0 \u00a0 \u00a0 \u00a0 \u00a0 \u00a0 \u00a0 \u00a0 \u00a0 \u00a0 \u00a0 \u00a0 \u00a0 \u00a0 \u00a0 \u00a0 \u00a0 \u00a0 \u00a0 \u00a0 \u00a0 \u00a0 \u00a0 \u00a0 \u00a0 \u00a0 \u00a0 \u00a0 \u00a0 \u00a0 \u00a0 \u00a0 \u00a0 \u00a0 \u00a0 \u00a0 \u00a0\u00a0<\/span><\/h4>\n<p style=\"text-align: justify;\">Se deber\u00e1 presentar junto con los requisitos del tramite a realizar:<\/p>\n<ul style=\"text-align: justify;\">\n<li>La hoja de deposito del banco.<\/li>\n<li>Hacer el deposito en la Cuenta de Euros.<\/li>\n<\/ul>\n<p class=\"alert alert-message\" style=\"text-align: justify;\">A nombre de:<br \/>\nBotschaft von Honduras &#8211; Seccion Consular<br \/>\nDeutsche Bank BLZ 10070000<br \/>\nCuenta No. 927844100<\/p>\n<p class=\"alert alert-message\" style=\"text-align: justify;\">Si desea hacer una transferencia internacional<br \/>\nIBAN: DE02 1007 0000 0927 8441 00<br \/>\nSWIFT-BIC: DEUTDEBBXXX<\/p>\n<blockquote><p>NOTA: No se realizar\u00e1n tramites si el banco cobra a la cuenta algun tipo de comision, especificar que todos los gastos corren por cuenta del depositante. Se recomienda que el deposito se haga mediante transferencia bancaria. Si realiza el deposito en efectivo, el banco cobrara una comision adicional para el cajero.<\/p><\/blockquote>\n<h4 style=\"text-align: justify;\"><strong>Informaci\u00f3n:<\/strong><\/h4>\n<p style=\"text-align: justify;\">Todo hondure\u00f1o menor de 21 a\u00f1os que viaja fuera de Honduras deber\u00e1 obtener la autorizaci\u00f3n de ambos padres. El Consulado General de Honduras en Roma extiende este documento de autorizaci\u00f3n, el cual deber\u00e1 ser enviado a Honduras para ser autenticado en la Secci\u00f3n de Aut\u00e9nticas de la Secretar\u00eda de Relaciones Exteriores y Cooperaci\u00f3n Internacional en Tegucigalpa para que tenga validez legal en Honduras .<\/p>\n<p style=\"text-align: justify;\">Posteriormente dicho documento deber\u00e1 presentarse en original el d\u00eda de su viaje a las Autoridades de Migraci\u00f3n de Honduras (en el aeropuerto). Si el menor viaja solamente con uno de los padres, deber\u00e1 presentar la autorizaci\u00f3n del padre ausente. Si ambos padres est\u00e1n ausentes, deber\u00e1 presentar la autorizaci\u00f3n firmada por los dos padres.<\/p>\n<p><strong>El d\u00eda de su cita Usted:<\/strong><\/p>\n<p>Deber\u00e1 llevar consigo TODOS los documentos solicitados en ORIGINAL excepto donde se solicitan las debidas fotocopias. Deber\u00e1 traer su documento de identificaci\u00f3n vigente y el comprobante de pago.<br \/>\nAntes de firmar la Autorizaci\u00f3n, deber\u00e1 leer con atenci\u00f3n y corroborar que no existan errores de ning\u00fan tipo.<br \/>\nSi Usted cumple con lo anterior, obtendr\u00e1 su Autorizaci\u00f3n.<\/p>\n[\/vc_column_text][\/vc_column][vc_column column_padding=&#8221;no-extra-padding&#8221; column_padding_tablet=&#8221;inherit&#8221; column_padding_phone=&#8221;inherit&#8221; column_padding_position=&#8221;all&#8221; background_color=&#8221;#ffffff&#8221; background_color_opacity=&#8221;1&#8243; background_hover_color_opacity=&#8221;1&#8243; column_shadow=&#8221;none&#8221; column_border_radius=&#8221;none&#8221; column_link_target=&#8221;_self&#8221; gradient_direction=&#8221;left_to_right&#8221; overlay_strength=&#8221;0.3&#8243; width=&#8221;1\/3&#8243; tablet_width_inherit=&#8221;default&#8221; tablet_text_alignment=&#8221;default&#8221; phone_text_alignment=&#8221;default&#8221; column_border_width=&#8221;none&#8221; column_border_style=&#8221;solid&#8221; bg_image_animation=&#8221;none&#8221;][\/vc_column][\/vc_row]\n","protected":false},"excerpt":{"rendered":"<p>[vc_row type=&#8221;in_container&#8221; full_screen_row_position=&#8221;middle&#8221; column_margin=&#8221;default&#8221; column_direction=&#8221;default&#8221; column_direction_tablet=&#8221;default&#8221; column_direction_phone=&#8221;default&#8221; scene_position=&#8221;center&#8221; text_color=&#8221;dark&#8221; text_align=&#8221;left&#8221; row_border_radius=&#8221;none&#8221; row_border_radius_applies=&#8221;bg&#8221; overlay_strength=&#8221;0.3&#8243; gradient_direction=&#8221;left_to_right&#8221; shape_divider_position=&#8221;bottom&#8221; bg_image_animation=&#8221;none&#8221;][vc_column column_padding=&#8221;no-extra-padding&#8221; column_padding_tablet=&#8221;inherit&#8221; column_padding_phone=&#8221;inherit&#8221; column_padding_position=&#8221;all&#8221; background_color_opacity=&#8221;1&#8243; background_hover_color_opacity=&#8221;1&#8243; column_shadow=&#8221;none&#8221; column_border_radius=&#8221;none&#8221; column_link_target=&#8221;_self&#8221; gradient_direction=&#8221;left_to_right&#8221; overlay_strength=&#8221;0.3&#8243; width=&#8221;2\/3&#8243; tablet_width_inherit=&#8221;default&#8221; tablet_text_alignment=&#8221;default&#8221;&#8230;<\/p>\n","protected":false},"author":1,"featured_media":0,"parent":0,"menu_order":0,"comment_status":"closed","ping_status":"closed","template":"","meta":{"nf_dc_page":"","_monsterinsights_skip_tracking":false,"_monsterinsights_sitenote_active":false,"_monsterinsights_sitenote_note":"","_monsterinsights_sitenote_category":0,"footnotes":""},"class_list":["post-2729","page","type-page","status-publish"],"_links":{"self":[{"href":"https:\/\/hondurasenalemania.com\/new\/wp-json\/wp\/v2\/pages\/2729","targetHints":{"allow":["GET"]}}],"collection":[{"href":"https:\/\/hondurasenalemania.com\/new\/wp-json\/wp\/v2\/pages"}],"about":[{"href":"https:\/\/hondurasenalemania.com\/new\/wp-json\/wp\/v2\/types\/page"}],"author":[{"embeddable":true,"href":"https:\/\/hondurasenalemania.com\/new\/wp-json\/wp\/v2\/users\/1"}],"replies":[{"embeddable":true,"href":"https:\/\/hondurasenalemania.com\/new\/wp-json\/wp\/v2\/comments?post=2729"}],"version-history":[{"count":2,"href":"https:\/\/hondurasenalemania.com\/new\/wp-json\/wp\/v2\/pages\/2729\/revisions"}],"predecessor-version":[{"id":3257,"href":"https:\/\/hondurasenalemania.com\/new\/wp-json\/wp\/v2\/pages\/2729\/revisions\/3257"}],"wp:attachment":[{"href":"https:\/\/hondurasenalemania.com\/new\/wp-json\/wp\/v2\/media?parent=2729"}],"curies":[{"name":"wp","href":"https:\/\/api.w.org\/{rel}","templated":true}]}}