{"id":2727,"date":"2020-04-19T02:52:39","date_gmt":"2020-04-19T02:52:39","guid":{"rendered":"https:\/\/hondurasenalemania.com\/new\/?page_id=2727"},"modified":"2026-01-27T09:53:05","modified_gmt":"2026-01-27T09:53:05","slug":"poderes","status":"publish","type":"page","link":"https:\/\/hondurasenalemania.com\/new\/poderes\/","title":{"rendered":"Poderes"},"content":{"rendered":"[vc_row type=&#8221;in_container&#8221; full_screen_row_position=&#8221;middle&#8221; column_margin=&#8221;default&#8221; column_direction=&#8221;default&#8221; column_direction_tablet=&#8221;default&#8221; column_direction_phone=&#8221;default&#8221; scene_position=&#8221;center&#8221; text_color=&#8221;dark&#8221; text_align=&#8221;left&#8221; row_border_radius=&#8221;none&#8221; row_border_radius_applies=&#8221;bg&#8221; row_position_desktop=&#8221;default&#8221; row_position_tablet=&#8221;inherit&#8221; row_position_phone=&#8221;inherit&#8221; overflow=&#8221;visible&#8221; overlay_strength=&#8221;0.3&#8243; gradient_direction=&#8221;left_to_right&#8221; shape_divider_position=&#8221;bottom&#8221; bg_image_animation=&#8221;none&#8221;][vc_column column_padding=&#8221;no-extra-padding&#8221; column_padding_tablet=&#8221;inherit&#8221; column_padding_phone=&#8221;inherit&#8221; column_padding_position=&#8221;all&#8221; flex_gap_desktop=&#8221;10px&#8221; column_element_direction_desktop=&#8221;default&#8221; column_element_spacing=&#8221;default&#8221; desktop_text_alignment=&#8221;default&#8221; tablet_text_alignment=&#8221;default&#8221; phone_text_alignment=&#8221;default&#8221; background_color_opacity=&#8221;1&#8243; background_hover_color_opacity=&#8221;1&#8243; column_backdrop_filter=&#8221;none&#8221; column_shadow=&#8221;none&#8221; column_border_radius=&#8221;none&#8221; column_link_target=&#8221;_self&#8221; column_position=&#8221;default&#8221; gradient_direction=&#8221;left_to_right&#8221; overlay_strength=&#8221;0.3&#8243; width=&#8221;2\/3&#8243; tablet_width_inherit=&#8221;default&#8221; animation_type=&#8221;default&#8221; bg_image_animation=&#8221;none&#8221; border_type=&#8221;simple&#8221; column_border_width=&#8221;none&#8221; column_border_style=&#8221;solid&#8221;][vc_column_text css=&#8221;&#8221; text_direction=&#8221;default&#8221;]\n<h4 style=\"text-align: justify;\"><strong>CARTA PODER<\/strong><\/h4>\n<p style=\"text-align: justify;\"><strong>Modalidad de solicitud<\/strong><\/p>\n<p>La Secci\u00f3n Consular de Honduras en Berl\u00edn informa que para el tr\u00e1mite de una carta poder, el interesado deber\u00e1 solicitar cita enviando previamente al correo electr\u00f3nico\u00a0<span id=\"cloak67f6fdab852dee4638aff12869359f06\"><a href=\"mailto:schn.berlin@gmail.com\">schn.berlin@gmail.com<\/a><\/span>\u00a0los documentos solicitados en los requisitos. Una vez recibido todo lo anterior, se le ofrecer\u00e1 una cita v\u00eda e-mail para la firma del documento.<\/p>\n<h4 style=\"text-align: justify;\"><strong>Requisitos:<\/strong><\/h4>\n<p style=\"text-align: justify;\">Para solicitar una Carta Poder se recomienda contactar un abogado en Honduras para que redacte el borrador de dicho documento, ya que esta Secci\u00f3n Consular no se hace responsable que el documento no cumpla con lo requerido y no sea aceptado.<\/p>\n<p><strong>A continuaci\u00f3n los requisitos para solicitar una Carta Poder:<\/strong><\/p>\n<ul style=\"text-align: justify;\">\n<li>Borrador de la Carta Poder enviado en formato Word redactado por el abogado responsable en Honduras al e-mail\u00a0<span id=\"cloak2970b2d7ac60e267ddebbc56faa5290d\"><a href=\"mailto:schn.berlin@gmail.com\">schn.berlin@gmail.com<\/a><\/span><br \/>\nDebe especificar claramente los tr\u00e1mites o asuntos que se otorgar\u00e1n al representante en Honduras;<\/li>\n<li>Copia de c\u00e9dula de identidad o pasaporte del interesado;<\/li>\n<li>Copia de c\u00e9dula de identidad o pasaporte de la persona a la que otorgar\u00e1 Carta Poder;<\/li>\n<li>Si es abogado, copia de c\u00e9dula de identidad y carnet del Colegio de Abogados de Honduras;<\/li>\n<li>Comprobante de pago por medio de transferencia bancaria.<\/li>\n<\/ul>\n<h4 style=\"text-align: justify;\"><strong>Costo<\/strong>:<\/h4>\n<p><strong class=\"alert alert-info\">48 Euros.\u00a0 \u00a0 \u00a0 \u00a0 \u00a0 \u00a0 \u00a0 \u00a0 \u00a0 \u00a0 \u00a0 \u00a0 \u00a0 \u00a0 \u00a0 \u00a0 \u00a0 \u00a0 \u00a0 \u00a0 \u00a0 \u00a0 \u00a0 \u00a0 \u00a0 \u00a0 \u00a0 \u00a0 \u00a0 \u00a0 \u00a0 \u00a0 \u00a0 \u00a0 \u00a0 \u00a0 \u00a0 \u00a0 \u00a0 \u00a0 \u00a0 \u00a0 \u00a0 \u00a0 \u00a0 \u00a0 \u00a0 \u00a0 \u00a0 \u00a0 \u00a0 \u00a0 \u00a0 \u00a0 \u00a0 \u00a0 \u00a0 \u00a0 \u00a0 \u00a0 \u00a0 \u00a0 \u00a0 \u00a0 \u00a0 \u00a0 \u00a0 \u00a0 \u00a0 \u00a0 \u00a0 \u00a0 \u00a0 \u00a0<\/strong><\/p>\n<p style=\"text-align: justify;\">Se deber\u00e1 presentar junto con los requisitos del tramite a realizar:<\/p>\n<ul style=\"text-align: justify;\">\n<li>la hoja de deposito del banco.<\/li>\n<li>Hacer el deposito en la Cuenta de Euros<\/li>\n<\/ul>\n<p class=\"alert alert-success\" style=\"text-align: justify;\">A nombre de:<br \/>\nBotschaft von Honduras &#8211; Secci\u00f3n Consular<br \/>\nDeutsche Bank BLZ 10070000<br \/>\nCuenta No. 927844100<\/p>\n<p class=\"alert alert-message\" style=\"text-align: justify;\">Si desea hacer una transferencia internacional<br \/>\nIBAN: DE02 1007 0000 0927 8441 00<br \/>\nSWIFT-BIC: DEUTDEBBXXX<\/p>\n<blockquote><p>NOTA: No se realizar\u00e1n tramites si el banco cobra a la cuenta alg\u00fan tipo de comisi\u00f3n, especificar que todos los gastos corren por cuenta del depositante. Se recomienda que el deposito se haga mediante transferencia bancaria. Si realiza el deposito en efectivo, el banco cobrara una comisi\u00f3n adicional para el cajero.<\/p><\/blockquote>\n<h4 style=\"text-align: justify;\"><strong>Informaci\u00f3n:<\/strong><\/h4>\n<p style=\"text-align: justify;\">Una Carta Poder sirve para que el interesado otorgue a otra persona una autorizaci\u00f3n para que en su nombre y representaci\u00f3n pueda realizar funciones diversas para gestionar tr\u00e1mites que por su relevancia, no requiere ser otorgada con las formalidades de una escritura p\u00fablica. La utilidad y servicios de este documento son muy variados, y se puede aplicar a infinidad de movimientos y tr\u00e1mites.<\/p>\n<p style=\"text-align: justify;\">Suele utilizarse para tr\u00e1mites de \u00edndole comercial o administrativo que se realizar\u00e1n a nombre del cedente, sin la necesidad de que su presencia sea requerida. La carta poder sirve entre otras cosas para: realizar tr\u00e1mites bancarios, recoger documentos, pagos escolares, recibir informaci\u00f3n, entregar documentos, entre otros.<\/p>\n<p style=\"text-align: justify;\">Una vez extendida la Carta Poder por el Consulado, deber\u00e1 ser autenticada en la Secci\u00f3n Aut\u00e9nticas de la Secretar\u00eda de Relaciones Exteriores y Cooperaci\u00f3n Internacional en Tegucigalpa para que tenga validez legal en Honduras.<\/p>\n<h4 style=\"text-align: justify;\"><strong>El d\u00eda de su cita Usted:<\/strong><\/h4>\n<p style=\"text-align: justify;\">1. Deber\u00e1 llevar consigo TODOS los documentos solicitados en ORIGINAL excepto donde se solicitan las debidas fotocopias. Deber\u00e1 traer su documento de identificaci\u00f3n vigente y el comprobante de pago.<\/p>\n<p>2. Antes de firmar la Carta Poder, deber\u00e1 leer con atenci\u00f3n y corroborar que no existan errores de ning\u00fan tipo.<\/p>\n<p>3. Si Usted cumple con lo anterior, obtendr\u00e1 la Carta Poder.<\/p>\n<h4 style=\"text-align: justify;\"><strong>PODER ESPECIAL<\/strong><\/h4>\n<p style=\"text-align: justify;\"><strong>Modalidad de solicitud:<br \/>\n<\/strong><br \/>\nLa Secci\u00f3n Consular de Honduras en Berl\u00edn informa que para el tr\u00e1mite para un Poder Especial, el interesado deber\u00e1 solicitar cita enviando previamente al correo electr\u00f3nico\u00a0<span id=\"cloak6d0d67384e777c6fd56a8506860b9f84\"><a href=\"mailto:schn.berlin@gmail.com\">schn.berlin@gmail.com<\/a><\/span>\u00a0los documentos solicitados en los requisitos. Una vez recibido todo lo anterior, se le ofrecer\u00e1 una cita v\u00eda e-mail para la firma del documento.<\/p>\n<h4 style=\"text-align: justify;\"><strong>Requisitos:<\/strong><\/h4>\n<p style=\"text-align: justify;\">Para solicitar un Poder Especial se recomienda contactar un abogado en Honduras para que redacte el borrador de dicho Poder, ya que la Secci\u00f3n Consular no se hace responsable de que el documento no cumpla con lo requerido y no sea aceptado.<\/p>\n<p><strong>A continuaci\u00f3n los requisitos para solicitar un Poder Especial:<\/strong><\/p>\n<ul style=\"text-align: justify;\">\n<li>Borrador del Poder Especial enviado en formato Word redactado por el abogado responsable en Honduras al e-mail de la Secci\u00f3n Consular de la Embajada de Honduras en Alemania: <span id=\"cloakdc75abdd3a76c7a27f6e5d5c79a656cc\"><a href=\"mailto:schn.berlin@gmail.com\">schn.berlin@gmail.com<\/a><\/span><\/li>\n<li>Debe especificar claramente los tr\u00e1mites o asuntos que se otorgar\u00e1n al representante en Honduras.<\/li>\n<li>Copia de c\u00e9dula de identidad o pasaporte del interesado.<\/li>\n<li>Copia de c\u00e9dula de identidad o pasaporte de la persona a la que otorgar\u00e1 el Poder.<\/li>\n<li>S\u00ed es abogado, copia de c\u00e9dula de identidad y carnet del Colegio de Abogados de Honduras.<\/li>\n<li>Presentarse con al menos dos testigos y sus documentos de identificaci\u00f3n.<\/li>\n<li>Comprobante de pago por medio de transferencia bancaria.<\/li>\n<\/ul>\n<h4 style=\"text-align: justify;\"><strong>Costo:<\/strong><\/h4>\n<p style=\"text-align: justify;\"><strong class=\"alert alert-info\">194 Euros.\u00a0 \u00a0 \u00a0 \u00a0 \u00a0 \u00a0 \u00a0 \u00a0 \u00a0 \u00a0 \u00a0 \u00a0 \u00a0 \u00a0 \u00a0 \u00a0 \u00a0 \u00a0 \u00a0 \u00a0 \u00a0 \u00a0 \u00a0 \u00a0 \u00a0 \u00a0 \u00a0 \u00a0 \u00a0 \u00a0 \u00a0 \u00a0 \u00a0 \u00a0 \u00a0 \u00a0 \u00a0 \u00a0 \u00a0 \u00a0 \u00a0 \u00a0 \u00a0 \u00a0 \u00a0 \u00a0 \u00a0 \u00a0 \u00a0 \u00a0 \u00a0 \u00a0 \u00a0 \u00a0 \u00a0 \u00a0 \u00a0 \u00a0 \u00a0 \u00a0 \u00a0 \u00a0 \u00a0 \u00a0 \u00a0 \u00a0 \u00a0 \u00a0 \u00a0 \u00a0 \u00a0\u00a0<\/strong><\/p>\n<p style=\"text-align: justify;\">Se deber\u00e1 presentar junto con los requisitos del tramite a realizar:<\/p>\n<ul style=\"text-align: justify;\">\n<li>la hoja de deposito del banco.<\/li>\n<li>Hacer el deposito en la Cuenta de Euros<\/li>\n<\/ul>\n<p class=\"alert alert-message\" style=\"text-align: justify;\">A nombre de:<br \/>\nBotschaft von Honduras &#8211; Seccion Consular<br \/>\nDeutsche Bank BLZ 10070000<br \/>\nCuenta No. 927844100<\/p>\n<p class=\"alert alert-message\" style=\"text-align: justify;\">Si desea hacer una transferencia internacional<br \/>\nIBAN: DE02 1007 0000 0927 8441 00<br \/>\nSWIFT-BIC: DEUTDEBBXXX<\/p>\n<h4 style=\"text-align: justify;\"><strong>Informaci\u00f3n:<\/strong><\/h4>\n<p style=\"text-align: justify;\">Un Poder Especial es un Instrumento P\u00fablico a trav\u00e9s del cual el interesado (poderdante) otorga a un familiar, particular o a un abogado (apoderado) para que le represente en uno o m\u00e1s asuntos o tr\u00e1mites espec\u00edficos, claramente determinados. El apoderado s\u00f3lo est\u00e1 autorizado a realizar lo que est\u00e1 escrito en el mandato.<\/p>\n<p style=\"text-align: justify;\">Una vez extendido el Poder Especial por la Secci\u00f3n Consular de la Embajada de Honduras en Berl\u00edn, deber\u00e1 ser autenticado en la Secci\u00f3n Aut\u00e9nticas de la Secretar\u00eda de Relaciones Exteriores y Cooperaci\u00f3n Internacional en Tegucigalpa para que tenga validez legal en Honduras.<\/p>\n<p><strong>El d\u00eda de su cita Usted:<\/strong><\/p>\n<p style=\"text-align: justify;\">1. Deber\u00e1 llevar consigo TODOS los documentos solicitados en ORIGINAL excepto donde se solicitan las debidas fotocopias. Deber\u00e1 traer su documento de identificaci\u00f3n vigente y el comprobante de pago.<br \/>\n2. Antes de firmar el Poder Especial, deber\u00e1 leer con atenci\u00f3n y corroborar que no existan errores de ning\u00fan tipo.<br \/>\n3. Si Usted cumple con lo anterior, obtendr\u00e1 el Poder Especial.<\/p>\n<h4 style=\"text-align: justify;\"><strong>PODER GENERAL<\/strong><\/h4>\n<p style=\"text-align: justify;\">\u00a0La Secci\u00f3n Consular de Honduras en Berl\u00edn informa que para el tr\u00e1mite para un Poder Especial, el interesado deber\u00e1 solicitar cita enviando previamente al correo electr\u00f3nico\u00a0<span id=\"cloakd2f4b3f525067e9706d6bcc1e723482d\"><a href=\"mailto:schn.berlin@gmail.com\">schn.berlin@gmail.com<\/a><\/span>\u00a0el borrador del Poder General y los dem\u00e1s documentos solicitados en los requisitos. Una vez recibido todo lo anterior, se le ofrecer\u00e1 una cita v\u00eda e-mail para la firma del documento. Se ruega gentilmente esperar la cita por email.<\/p>\n<h4 style=\"text-align: justify;\"><strong>Requisitos:<\/strong><\/h4>\n<p style=\"text-align: justify;\">Para solicitar un Poder General se recomienda contactar un abogado en Honduras para que redacte el borrador de dicho Poder, ya que la Secci\u00f3n Consular no se hace responsable que el documento no cumpla con lo requerido y no sea aceptado.<\/p>\n<p><strong>A continuaci\u00f3n los requisitos para solicitar un Poder General:<\/strong><\/p>\n<ul style=\"text-align: justify;\">\n<li>Borrador del Poder General enviado en formato Word redactado por el abogado responsable en Honduras al e-mail de la Secci\u00f3n Consular\u00a0<span id=\"cloak0b1340ec41295463adc741052fe9b58c\"><a href=\"mailto:schn.berlin@gmail.com\">schn.berlin@gmail.com<\/a><\/span><\/li>\n<li>Debe especificar claramente los tr\u00e1mites o asuntos que se otorgar\u00e1n al representante en Honduras.<\/li>\n<li>Copia de c\u00e9dula de identidad o pasaporte del interesado.<\/li>\n<li>Copia de c\u00e9dula de identidad o pasaporte de la persona a la que otorgar\u00e1 el Poder.<\/li>\n<li>Si es abogado, copia de c\u00e9dula de identidad y carnet del Colegio de Abogados de Honduras.<\/li>\n<li>Presentarse con al menos dos testigos y sus documentos de identificaci\u00f3n.<\/li>\n<li>Comprobante de pago por medio de transferencia bancaria.<\/li>\n<\/ul>\n<h4 style=\"text-align: justify;\"><strong>Costo:<\/strong><\/h4>\n<p class=\"alert alert-info\" style=\"text-align: justify;\"><strong>143 Euros\u00a0<\/strong><\/p>\n<p style=\"text-align: justify;\">Se deber\u00e1 presentar junto con los requisitos del tramite a realizar:<\/p>\n<ul style=\"text-align: justify;\">\n<li>la hoja de deposito del banco.<\/li>\n<li>Hacer el deposito en la Cuenta de Euros<\/li>\n<\/ul>\n<p class=\"alert alert-message\" style=\"text-align: justify;\">A nombre de:<br \/>\nBotschaft von Honduras &#8211; Seccion Consular<br \/>\nDeutsche Bank BLZ 10070000<br \/>\nCuenta No. 927844100<\/p>\n<p class=\"alert alert-message\" style=\"text-align: justify;\">Si desea hacer una transferencia internacional<br \/>\nIBAN: DE02 1007 0000 0927 8441 00<br \/>\nSWIFT-BIC: DEUTDEBBXXX<\/p>\n<h4 style=\"text-align: justify;\"><strong>Informaci\u00f3n:<\/strong><\/h4>\n<p style=\"text-align: justify;\">Un Poder General es un Instrumento P\u00fablico a trav\u00e9s del cual el interesado (poderdante) otorga a un familiar, particular o a un abogado (apoderado) para que le represente en todos los asuntos, juicios y negocios de cualquier naturaleza que sean y que actualmente tenga o que pueda tener en el futuro. La representaci\u00f3n es total, es decir, todos los actos del poderdante obligan al apoderado, como si el que otorga el Poder General actuase por s\u00ed mismo.<\/p>\n<p style=\"text-align: justify;\">Una vez extendido, deber\u00e1 ser autenticado en la Secci\u00f3n Aut\u00e9nticas de la Secretar\u00eda de Relaciones Exteriores y Cooperaci\u00f3n Internacional en Tegucigalpa para que tenga validez legal en Honduras.<\/p>\n<p><strong>El d\u00eda de su cita Usted:<br \/>\n<\/strong><br \/>\n1. Deber\u00e1 llevar consigo TODOS los documentos solicitados en ORIGINAL excepto donde se solicitan las debidas fotocopias. Deber\u00e1 traer su documento de identificaci\u00f3n vigente y el comprobante de pago.<br \/>\n2. Antes de firmar el Poder General, deber\u00e1 leer con atenci\u00f3n y corroborar que no existan errores de ning\u00fan tipo.<br \/>\n3. Si Usted cumple con lo anterior, obtendr\u00e1 el Poder General.[\/vc_column_text][\/vc_column][vc_column column_padding=&#8221;no-extra-padding&#8221; column_padding_tablet=&#8221;inherit&#8221; column_padding_phone=&#8221;inherit&#8221; column_padding_position=&#8221;all&#8221; flex_gap_desktop=&#8221;10px&#8221; column_element_direction_desktop=&#8221;default&#8221; column_element_spacing=&#8221;default&#8221; desktop_text_alignment=&#8221;default&#8221; tablet_text_alignment=&#8221;default&#8221; phone_text_alignment=&#8221;default&#8221; background_color=&#8221;#ffffff&#8221; background_color_opacity=&#8221;1&#8243; background_hover_color_opacity=&#8221;1&#8243; column_backdrop_filter=&#8221;none&#8221; column_shadow=&#8221;none&#8221; column_border_radius=&#8221;none&#8221; column_link_target=&#8221;_self&#8221; column_position=&#8221;default&#8221; gradient_direction=&#8221;left_to_right&#8221; overlay_strength=&#8221;0.3&#8243; width=&#8221;1\/3&#8243; tablet_width_inherit=&#8221;default&#8221; animation_type=&#8221;default&#8221; bg_image_animation=&#8221;none&#8221; border_type=&#8221;simple&#8221; column_border_width=&#8221;none&#8221; column_border_style=&#8221;solid&#8221;][\/vc_column][\/vc_row]\n","protected":false},"excerpt":{"rendered":"<p>[vc_row type=&#8221;in_container&#8221; full_screen_row_position=&#8221;middle&#8221; column_margin=&#8221;default&#8221; column_direction=&#8221;default&#8221; column_direction_tablet=&#8221;default&#8221; column_direction_phone=&#8221;default&#8221; scene_position=&#8221;center&#8221; text_color=&#8221;dark&#8221; text_align=&#8221;left&#8221; row_border_radius=&#8221;none&#8221; row_border_radius_applies=&#8221;bg&#8221; row_position_desktop=&#8221;default&#8221; row_position_tablet=&#8221;inherit&#8221; row_position_phone=&#8221;inherit&#8221; overflow=&#8221;visible&#8221; overlay_strength=&#8221;0.3&#8243; gradient_direction=&#8221;left_to_right&#8221; shape_divider_position=&#8221;bottom&#8221; bg_image_animation=&#8221;none&#8221;][vc_column column_padding=&#8221;no-extra-padding&#8221; column_padding_tablet=&#8221;inherit&#8221; column_padding_phone=&#8221;inherit&#8221; column_padding_position=&#8221;all&#8221; flex_gap_desktop=&#8221;10px&#8221; column_element_direction_desktop=&#8221;default&#8221; column_element_spacing=&#8221;default&#8221; desktop_text_alignment=&#8221;default&#8221; tablet_text_alignment=&#8221;default&#8221; phone_text_alignment=&#8221;default&#8221;&#8230;<\/p>\n","protected":false},"author":1,"featured_media":0,"parent":0,"menu_order":0,"comment_status":"closed","ping_status":"closed","template":"","meta":{"nf_dc_page":"","_monsterinsights_skip_tracking":false,"_monsterinsights_sitenote_active":false,"_monsterinsights_sitenote_note":"","_monsterinsights_sitenote_category":0,"footnotes":""},"class_list":["post-2727","page","type-page","status-publish"],"_links":{"self":[{"href":"https:\/\/hondurasenalemania.com\/new\/wp-json\/wp\/v2\/pages\/2727","targetHints":{"allow":["GET"]}}],"collection":[{"href":"https:\/\/hondurasenalemania.com\/new\/wp-json\/wp\/v2\/pages"}],"about":[{"href":"https:\/\/hondurasenalemania.com\/new\/wp-json\/wp\/v2\/types\/page"}],"author":[{"embeddable":true,"href":"https:\/\/hondurasenalemania.com\/new\/wp-json\/wp\/v2\/users\/1"}],"replies":[{"embeddable":true,"href":"https:\/\/hondurasenalemania.com\/new\/wp-json\/wp\/v2\/comments?post=2727"}],"version-history":[{"count":5,"href":"https:\/\/hondurasenalemania.com\/new\/wp-json\/wp\/v2\/pages\/2727\/revisions"}],"predecessor-version":[{"id":3304,"href":"https:\/\/hondurasenalemania.com\/new\/wp-json\/wp\/v2\/pages\/2727\/revisions\/3304"}],"wp:attachment":[{"href":"https:\/\/hondurasenalemania.com\/new\/wp-json\/wp\/v2\/media?parent=2727"}],"curies":[{"name":"wp","href":"https:\/\/api.w.org\/{rel}","templated":true}]}}