{"id":2721,"date":"2020-04-19T02:41:48","date_gmt":"2020-04-19T02:41:48","guid":{"rendered":"https:\/\/hondurasenalemania.com\/new\/?page_id=2721"},"modified":"2022-03-02T02:45:53","modified_gmt":"2022-03-02T02:45:53","slug":"inscripcion-de-matrimonios","status":"publish","type":"page","link":"https:\/\/hondurasenalemania.com\/new\/inscripcion-de-matrimonios\/","title":{"rendered":"Inscripci\u00f3n de Matrimonios"},"content":{"rendered":"[vc_row type=&#8221;in_container&#8221; full_screen_row_position=&#8221;middle&#8221; column_margin=&#8221;default&#8221; column_direction=&#8221;default&#8221; column_direction_tablet=&#8221;default&#8221; column_direction_phone=&#8221;default&#8221; scene_position=&#8221;center&#8221; text_color=&#8221;dark&#8221; text_align=&#8221;left&#8221; row_border_radius=&#8221;none&#8221; row_border_radius_applies=&#8221;bg&#8221; overlay_strength=&#8221;0.3&#8243; gradient_direction=&#8221;left_to_right&#8221; shape_divider_position=&#8221;bottom&#8221; bg_image_animation=&#8221;none&#8221;][vc_column column_padding=&#8221;no-extra-padding&#8221; column_padding_tablet=&#8221;inherit&#8221; column_padding_phone=&#8221;inherit&#8221; column_padding_position=&#8221;all&#8221; background_color_opacity=&#8221;1&#8243; background_hover_color_opacity=&#8221;1&#8243; column_shadow=&#8221;none&#8221; column_border_radius=&#8221;none&#8221; column_link_target=&#8221;_self&#8221; gradient_direction=&#8221;left_to_right&#8221; overlay_strength=&#8221;0.3&#8243; width=&#8221;2\/3&#8243; tablet_width_inherit=&#8221;default&#8221; tablet_text_alignment=&#8221;default&#8221; phone_text_alignment=&#8221;default&#8221; column_border_width=&#8221;none&#8221; column_border_style=&#8221;solid&#8221; bg_image_animation=&#8221;none&#8221;][vc_column_text]\n<p style=\"text-align: justify;\"><strong>Modalidad de solicitud<\/strong><\/p>\n<p style=\"text-align: justify;\">La Secci\u00f3n Consular de Honduras en Berl\u00edn informa que para el tr\u00e1mite de una Certificaci\u00f3n de Inscripci\u00f3n de Matrimonio, el interesado deber\u00e1 solicitar cita enviando previamente al correo electr\u00f3nico\u00a0<span id=\"cloakddd32c25e97f39e7dc26201203d671f9\"><a href=\"mailto:schn.berlin@gmail.com\">schn.berlin@gmail.com<\/a><\/span>\u00a0los documentos solicitados en los requisitos. Una vez recibido todo lo anterior, se le ofrecer\u00e1 una cita v\u00eda e-mail para la firma del documento.<\/p>\n<h4 style=\"text-align: justify;\"><strong>Requisitos<\/strong>:<\/h4>\n<ul style=\"text-align: justify;\">\n<li>\u00a0Extracto Resumido del Registro de las Actas de Nacimiento del lugar donde tuvo lugar el nacimiento con los nombres de los padres (o del padre o la madre si solamente uno de ellos ha reconocido el nacimiento).<\/li>\n<li>\u00a01 foto tama\u00f1o carnet del hondure\u00f1o nacido en el extranjero.<\/li>\n<li>Uno de los padres deber\u00e1 presentarse a la cita en la sede del Consulado General con los documentos originales antes solicitados. Si es un reci\u00e9n nacido, no es necesario que el hijo (a) se presente al Consulado.<\/li>\n<\/ul>\n<h4 style=\"text-align: justify;\"><strong>Costo:<\/strong><\/h4>\n<p style=\"text-align: justify;\"><strong><span class=\"alert alert-info\">24 Euros.\u00a0 \u00a0 \u00a0 \u00a0 \u00a0 \u00a0 \u00a0 \u00a0 \u00a0 \u00a0 \u00a0 \u00a0 \u00a0 \u00a0 \u00a0 \u00a0 \u00a0 \u00a0 \u00a0 \u00a0 \u00a0 \u00a0 \u00a0 \u00a0 \u00a0 \u00a0 \u00a0 \u00a0 \u00a0 \u00a0 \u00a0 \u00a0 \u00a0 \u00a0 \u00a0 \u00a0 \u00a0 \u00a0 \u00a0 \u00a0 \u00a0 \u00a0 \u00a0 \u00a0 \u00a0 \u00a0 \u00a0 \u00a0 \u00a0 \u00a0 \u00a0 \u00a0 \u00a0 \u00a0 \u00a0 \u00a0 \u00a0 \u00a0 \u00a0 \u00a0 \u00a0 \u00a0 \u00a0 \u00a0 \u00a0 \u00a0 \u00a0 \u00a0 \u00a0 \u00a0 \u00a0 \u00a0 \u00a0 \u00a0 \u00a0 \u00a0 \u00a0 \u00a0 \u00a0 \u00a0 \u00a0 \u00a0 \u00a0 \u00a0 \u00a0 \u00a0<\/span><\/strong><\/p>\n<p style=\"text-align: justify;\">Se deber\u00e1 presentar junto con los requisitos del tramite a realizar:<\/p>\n<ul style=\"text-align: justify;\">\n<li>la hoja de deposito del banco.<\/li>\n<li>Hacer el deposito en la Cuenta de Euros<\/li>\n<\/ul>\n<p class=\"alert alert-message\" style=\"text-align: justify;\">A nombre de:<br \/>\nBotschaft von Honduras &#8211; Seccion Consular<br \/>\nDeutsche Bank BLZ 10070000<br \/>\nCuenta No. 927844100<\/p>\n<p class=\"alert alert-message\" style=\"text-align: justify;\">Si desea hacer una transferencia internacional<br \/>\nIBAN: DE02 1007 0000 0927 8441 00<br \/>\nSWIFT-BIC: DEUTDEBBXXX<\/p>\n<h4 style=\"text-align: justify;\"><strong>Informaci\u00f3n:<\/strong><\/h4>\n<p style=\"text-align: justify;\">La Secci\u00f3n Consular extiende la Certificaci\u00f3n de Inscripci\u00f3n de Nacimiento para los ciudadanos hondure\u00f1os que nacen en territorio aleman. La Certificaci\u00f3n de Inscripci\u00f3n de Nacimiento extendida deber\u00e1 ser presentada al Registro Nacional de las Personas \u2013 RNP \u2013 por uno de los padres.<\/p>\n<p style=\"text-align: justify;\">En caso de no poderse presentar personalmente, o en el caso que nos los puede representar un pariente ante el RNP, los padres (o uno de los padres) deber\u00e1n otorgar una\u00a0<a href=\"http:\/\/hondurasenalemania.com\/index.php\/asuntos-consulares\/para-hondurenos\/poderes-autenticaciones-y-estado-civil\">Carta Poder<\/a>\u00a0a una persona de confianza para que los represente ante el Registro Nacional de las Personas y que pueda presentar la Inscripci\u00f3n de Nacimiento de su hijo (a). Si ese fuera el caso, se deber\u00e1 tambi\u00e9n solicitar a esta oficina consular el tr\u00e1mite de Carta Poder.<\/p>\n<h4 style=\"text-align: justify;\"><strong>Pasos a seguir despu\u00e9s de la inscripci\u00f3n de nacimiento<\/strong><\/h4>\n<p style=\"text-align: justify;\">1. En caso de no poder presentarse personalmente al Registro Nacional de las Personas, enviar Certificaci\u00f3n de Inscripci\u00f3n de Nacimiento extendida y las partidas de nacimiento originales de ambos padres (si el padre es extranjero enviar fotocopia del pasaporte) al apoderado legal en Honduras (a quien se le ha otorgado Carta Poder) para que dicho documento sea legalizado en la Secci\u00f3n de Aut\u00e9nticas de la Secretar\u00eda de Relaciones Exteriores y Cooperaci\u00f3n Internacional en Tegucigalpa.<\/p>\n<p>2. Presentar la Inscripci\u00f3n de Nacimiento legalizada y documentos de los padres, en la Secretar\u00eda General del Registro Nacional de las Personas, en Tegucigalpa (Edificio Villatoro, Boulevard Moraz\u00e1n), donde le emitir\u00e1n la Comunicaci\u00f3n de Inscripci\u00f3n de Nacimiento en el extranjero. Aqu\u00ed debe presentar los documentos originales y dos fotocopias de los mismos.<\/p>\n<p>3. Presentar la Comunicaci\u00f3n en el Registro Nacional de las Personas en Tegucigalpa (Edificio Banpa\u00eds, Boulevard Centroam\u00e9rica) para que le extiendan la Certificaci\u00f3n de Acta de Nacimiento del ni\u00f1o\/a.<\/p>\n[\/vc_column_text][\/vc_column][vc_column column_padding=&#8221;no-extra-padding&#8221; column_padding_tablet=&#8221;inherit&#8221; column_padding_phone=&#8221;inherit&#8221; column_padding_position=&#8221;all&#8221; background_color=&#8221;#ffffff&#8221; background_color_opacity=&#8221;1&#8243; background_hover_color_opacity=&#8221;1&#8243; column_shadow=&#8221;none&#8221; column_border_radius=&#8221;none&#8221; column_link_target=&#8221;_self&#8221; gradient_direction=&#8221;left_to_right&#8221; overlay_strength=&#8221;0.3&#8243; width=&#8221;1\/3&#8243; tablet_width_inherit=&#8221;default&#8221; tablet_text_alignment=&#8221;default&#8221; phone_text_alignment=&#8221;default&#8221; column_border_width=&#8221;none&#8221; column_border_style=&#8221;solid&#8221; bg_image_animation=&#8221;none&#8221;][\/vc_column][\/vc_row]\n","protected":false},"excerpt":{"rendered":"<p>[vc_row type=&#8221;in_container&#8221; full_screen_row_position=&#8221;middle&#8221; column_margin=&#8221;default&#8221; column_direction=&#8221;default&#8221; column_direction_tablet=&#8221;default&#8221; column_direction_phone=&#8221;default&#8221; scene_position=&#8221;center&#8221; text_color=&#8221;dark&#8221; text_align=&#8221;left&#8221; row_border_radius=&#8221;none&#8221; row_border_radius_applies=&#8221;bg&#8221; overlay_strength=&#8221;0.3&#8243; gradient_direction=&#8221;left_to_right&#8221; shape_divider_position=&#8221;bottom&#8221; bg_image_animation=&#8221;none&#8221;][vc_column column_padding=&#8221;no-extra-padding&#8221; column_padding_tablet=&#8221;inherit&#8221; column_padding_phone=&#8221;inherit&#8221; column_padding_position=&#8221;all&#8221; background_color_opacity=&#8221;1&#8243; background_hover_color_opacity=&#8221;1&#8243; column_shadow=&#8221;none&#8221; column_border_radius=&#8221;none&#8221; column_link_target=&#8221;_self&#8221; gradient_direction=&#8221;left_to_right&#8221; overlay_strength=&#8221;0.3&#8243; width=&#8221;2\/3&#8243; tablet_width_inherit=&#8221;default&#8221; tablet_text_alignment=&#8221;default&#8221;&#8230;<\/p>\n","protected":false},"author":1,"featured_media":0,"parent":0,"menu_order":0,"comment_status":"closed","ping_status":"closed","template":"","meta":{"nf_dc_page":"","_monsterinsights_skip_tracking":false,"_monsterinsights_sitenote_active":false,"_monsterinsights_sitenote_note":"","_monsterinsights_sitenote_category":0,"footnotes":""},"class_list":["post-2721","page","type-page","status-publish"],"_links":{"self":[{"href":"https:\/\/hondurasenalemania.com\/new\/wp-json\/wp\/v2\/pages\/2721","targetHints":{"allow":["GET"]}}],"collection":[{"href":"https:\/\/hondurasenalemania.com\/new\/wp-json\/wp\/v2\/pages"}],"about":[{"href":"https:\/\/hondurasenalemania.com\/new\/wp-json\/wp\/v2\/types\/page"}],"author":[{"embeddable":true,"href":"https:\/\/hondurasenalemania.com\/new\/wp-json\/wp\/v2\/users\/1"}],"replies":[{"embeddable":true,"href":"https:\/\/hondurasenalemania.com\/new\/wp-json\/wp\/v2\/comments?post=2721"}],"version-history":[{"count":2,"href":"https:\/\/hondurasenalemania.com\/new\/wp-json\/wp\/v2\/pages\/2721\/revisions"}],"predecessor-version":[{"id":3254,"href":"https:\/\/hondurasenalemania.com\/new\/wp-json\/wp\/v2\/pages\/2721\/revisions\/3254"}],"wp:attachment":[{"href":"https:\/\/hondurasenalemania.com\/new\/wp-json\/wp\/v2\/media?parent=2721"}],"curies":[{"name":"wp","href":"https:\/\/api.w.org\/{rel}","templated":true}]}}