{"id":2674,"date":"2020-04-18T22:51:52","date_gmt":"2020-04-18T22:51:52","guid":{"rendered":"https:\/\/hondurasenalemania.com\/new\/?page_id=2674"},"modified":"2024-09-17T08:35:35","modified_gmt":"2024-09-17T08:35:35","slug":"pasaportes-2","status":"publish","type":"page","link":"https:\/\/hondurasenalemania.com\/new\/pasaportes-2\/","title":{"rendered":"Pasaportes"},"content":{"rendered":"[vc_row type=&#8221;in_container&#8221; full_screen_row_position=&#8221;middle&#8221; column_margin=&#8221;default&#8221; column_direction=&#8221;default&#8221; column_direction_tablet=&#8221;default&#8221; column_direction_phone=&#8221;default&#8221; scene_position=&#8221;center&#8221; text_color=&#8221;dark&#8221; text_align=&#8221;left&#8221; row_border_radius=&#8221;none&#8221; row_border_radius_applies=&#8221;bg&#8221; overlay_strength=&#8221;0.3&#8243; gradient_direction=&#8221;left_to_right&#8221; shape_divider_position=&#8221;bottom&#8221; bg_image_animation=&#8221;none&#8221;][vc_column column_padding=&#8221;no-extra-padding&#8221; column_padding_tablet=&#8221;inherit&#8221; column_padding_phone=&#8221;inherit&#8221; column_padding_position=&#8221;all&#8221; background_color_opacity=&#8221;1&#8243; background_hover_color_opacity=&#8221;1&#8243; column_shadow=&#8221;none&#8221; column_border_radius=&#8221;none&#8221; column_link_target=&#8221;_self&#8221; gradient_direction=&#8221;left_to_right&#8221; overlay_strength=&#8221;0.3&#8243; width=&#8221;2\/3&#8243; tablet_width_inherit=&#8221;default&#8221; tablet_text_alignment=&#8221;default&#8221; phone_text_alignment=&#8221;default&#8221; column_border_width=&#8221;none&#8221; column_border_style=&#8221;solid&#8221; bg_image_animation=&#8221;none&#8221;][vc_column_text]\n<p style=\"text-align: justify;\"><strong>Modalidad de solicitud:<\/strong><\/p>\n<p style=\"text-align: justify;\">La Secci\u00f3n Consular de Honduras en Berl\u00edn informa que para tramitar el pasaporte, el interesado deber\u00e1 solicitar cita enviando previamente al correo electr\u00f3nico\u00a0<span id=\"cloakd3f3a4b9b6e43a6a8f2ba707f6920340\"><a href=\"mailto:schn.berlin@gmail.com\">schn.berlin@gmail.com<\/a><\/span>\u00a0adjuntar los documentos solicitados en los requisitos. Una vez recibido todo lo anterior, se le ofrecer\u00e1 una cita v\u00eda e-mail y se le informar\u00e1 el monto a pagar y n\u00famero de cuenta del Consulado. Se ruega gentilmente esperar la cita por email.<\/p>\n<h4 style=\"text-align: justify;\"><strong>Requisitos:<\/strong><\/h4>\n<ul style=\"text-align: justify;\">\n<li>Dos fotograf\u00edas tama\u00f1o pasaporte.<\/li>\n<li>Documento de Identificaci\u00f3n Nacional DNI (Tarjeta de identidad hondure\u00f1a original).<\/li>\n<li>En caso de no tener la tarjeta de identidad hondure\u00f1a, deber\u00e1 presentar la partida de nacimiento original y reciente (no se aceptan manuscritas).<\/li>\n<li>\u00a0Pasaporte vencido en original o que tenga menos de 6 meses de validez.<\/li>\n<li>En caso de no poseer pasaporte vencido, cualquier otro documento hondure\u00f1o con fotograf\u00eda: pasaporte anterior al extraviado, licencia de conducir hondure\u00f1a, carnet de estudiante, carnet del Seguro Social, t\u00edtulos de estudios hondure\u00f1os secundarios o universitarios.<\/li>\n<li>\u00a0Tambi\u00e9n puede presentar documentos oficiales emitidos por el Estado en el cual reside, como ser permiso de estad\u00eda y\/o tarjeta de identidad.<\/li>\n<li>Sobre postal con estampillas, &#8220;Einschreiben&#8221; y la direcci\u00f3n del solicitante para regresar el documento.* agregar links<\/li>\n<\/ul>\n<p style=\"text-align: justify;\">Links envios prepago DHl<br \/>\n<a href=\"https:\/\/www.dhl.de\/de\/privatkunden\/pakete-versenden\/online-frankieren.html?type=ShipmentEditor\">https:\/\/www.dhl.de\/de\/privatkunden\/pakete-versenden\/online-frankieren.html?type=ShipmentEditor<\/a><\/p>\n<p style=\"text-align: justify;\">Links einscheriben<br \/>\n<a href=\"https:\/\/www.deutschepost.de\/de\/e\/einschreiben.html\">https:\/\/www.deutschepost.de\/de\/e\/einschreiben.html<\/a><\/p>\n<blockquote><p>\u00a0(Esta Secci\u00f3n Consular no se hace responsable por extravio de correspondencia o direcciones erroneas, por lo que se recomienda pagar el envio asegurado)<\/p><\/blockquote>\n<ul style=\"text-align: justify;\">\n<li>Si la solicitud de su pasaporte es debido a que fue robado, da\u00f1ado o extraviado, deber\u00e1 presentar la denuncia interpuesta ante la polic\u00eda donde ocurri\u00f3 el hecho o en su defecto realizar una Declaraci\u00f3n Jurada en el consulado hondure\u00f1o donde tramitar\u00e1 su pasaporte.<\/li>\n<li>En caso de ser mayor de 21 a\u00f1os y no haber tramitado nunca la tarjeta de identidad, ser\u00e1 necesario presentar una Declaraci\u00f3n Jurada de sus padres, o en su defecto de un familiar del segundo al cuarto grado de consanguinidad y presentar la documentaci\u00f3n para verificar el parentesco familiar; dicha Declaraci\u00f3n deber\u00e1 ser original y autenticada por Notario de Honduras o del consulado que corresponda. La Declaraci\u00f3n Jurada debe llevar una foto del solicitante y en dicho documento se debe manifestar que la imagen corresponde al ciudadano que solicita el pasaporte.<\/li>\n<li>Comprobante de pago por medio de transferencia bancaria.<\/li>\n<\/ul>\n<h4 style=\"text-align: justify;\"><strong>Costo<\/strong>:<\/h4>\n<h4 class=\"alert alert-info\" style=\"text-align: justify;\">72 Euros por 10 a\u00f1os<br \/>\n58 Euros por 5 a\u00f1os<\/h4>\n<h4 style=\"text-align: justify;\"><strong>Detalles para realizar la transferencia o dep\u00f3sito:<\/strong><\/h4>\n<p style=\"text-align: justify;\">Se deber\u00e1 presentar junto con los requisitos del tramite a realizar:<\/p>\n<ul style=\"text-align: justify;\">\n<li>la hoja de deposito del banco.<\/li>\n<li>Hacer el deposito en la Cuenta de Euros<\/li>\n<\/ul>\n<p class=\"alert alert-message\" style=\"text-align: justify;\">A nombre de:<br \/>\nBotschaft von Honduras &#8211; Seccion Consular<br \/>\nDeutsche Bank BLZ 10070000<br \/>\nCuenta No. 927844100<\/p>\n<p class=\"alert alert-message\" style=\"text-align: justify;\">Si desea hacer una transferencia internacional<br \/>\nIBAN: DE02 1007 0000 0927 8441 00<br \/>\nSWIFT-BIC: DEUTDEBBXXX<\/p>\n<blockquote><p>NOTA: No se realizar\u00e1n tramites si el banco cobra a la cuenta algun tipo de comision, especificar que todos los gastos corren por cuenta del depositante. Se recomienda que el deposito se haga mediante transferencia bancaria. Si realiza el deposito en efectivo, el banco cobrara una comision adicional para el cajero.<\/p><\/blockquote>\n<h4 style=\"text-align: justify;\"><strong>Informaci\u00f3n General:<\/strong><\/h4>\n<p style=\"text-align: justify;\">Los ciudadanos hondure\u00f1os puede solicitar su pasaporte por primera vez, por vencimiento, por p\u00e9rdida o extrav\u00edo y por un visible deterioro.<\/p>\n<p style=\"text-align: justify;\">El pasaporte es un documento de identificaci\u00f3n v\u00e1lido que permite al ciudadano hondure\u00f1o identificarse ante las autoridades competentes, realizar cualquier tipo de tr\u00e1mite ante instituciones privadas y oficinas de la administraci\u00f3n p\u00fablica del pa\u00eds donde reside, as\u00ed como viajar por los puertos o aeropuertos internacionales.<\/p>\n<p style=\"text-align: justify;\"><strong>Menores de Edad<br \/>\n<\/strong><br \/>\nSe consideran menores de edad todos los hondure\u00f1os menores de 21 a\u00f1os. Para realizar el tr\u00e1mite del pasaporte los menores de edad:<br \/>\nDeber\u00e1n presentar los requisitos antes mencionados.<\/p>\n<p style=\"text-align: justify;\">Deber\u00e1n ser acompa\u00f1ados por ambos padres quienes deber\u00e1n llevar tarjeta de identidad original o pasaporte vigente. Los padres extranjeros deben presentar pasaporte vigente.<\/p>\n<p style=\"text-align: justify;\">Si alguno de los padres o ambos padres no pueden presentarse a la cita, se deber\u00e1 presentar la autorizaci\u00f3n para obtener el pasaporte y copia de la(s) respectiva(s) tarjeta(s) de identidad, firmada por uno o por ambos padres, seg\u00fan sea el caso.<\/p>\n<p style=\"text-align: justify;\"><strong>La autorizaci\u00f3n o autorizaciones, deber\u00e1n estar debidamente autenticadas por:<\/strong><\/p>\n<p style=\"text-align: justify;\">Notario P\u00fablico con la debida Aut\u00e9ntica por el Colegio de Abogados de Honduras si el padre(s) vive(n) en Honduras.<\/p>\n<p style=\"text-align: justify;\">C\u00f3nsul de Honduras del pa\u00eds donde reside, o por medio de Notario P\u00fablico con legalizaci\u00f3n de la Apostilla de La Haya si el padre (s) vive(n) fuera de Honduras.<\/p>\n<p style=\"text-align: justify;\">De no ser posible la presencia de los padres, o de uno de ellos, el menor de edad deber\u00e1 ser acompa\u00f1ado por su representante legal o tutor (mayor de edad), el cual deber\u00e1 presentar las autorizaciones de ambos padres, debidamente autenticadas y acompa\u00f1ar fotocopias de las tarjetas de identidad de ambos padres.<\/p>\n<p style=\"text-align: justify;\">Si alguno de los padres o ambos han fallecido, el interesado debe presentar el (las) Acta(s) de Defunci\u00f3n respectiva (s) en original emitida por la autoridad respectiva.<\/p>\n<p style=\"text-align: justify;\">Quien tenga la patria potestad del menor, deber\u00e1 presentar la resoluci\u00f3n original emitida por el Juzgado o una copia autenticada por un notario de Honduras. Dicho documento deber\u00e1 ser autenticado por la Corte Suprema de Justicia.<\/p>\n<p style=\"text-align: justify;\">Paradero desconocido de los padres: los Juzgados de la Ni\u00f1ez (menores de 18 a\u00f1os) o de Familia (menores entre 18 y 21 a\u00f1os) pueden extender Orden de Tr\u00e1mite de Pasaporte para el Instituto Nacional de Migraci\u00f3n en favor de un menor de edad. Dicho documento deber\u00e1 ser autenticado por la Corte Suprema de Justicia.<\/p>\n<p style=\"text-align: justify;\"><strong>Inclusi\u00f3n del apellido de casada:<\/strong><\/p>\n<p style=\"text-align: justify;\">La se\u00f1ora que desee incluir su apellido de casada en su pasaporte deber\u00e1 indicarlo en la secci\u00f3n \u201cObservaciones\u201d en el formulario y deber\u00e1 presentar el acta de matrimonio extendida por el Registro Nacional de las Personas de Honduras. Si el matrimonio se realiz\u00f3 en el extranjero, deber\u00e1 presentar la inscripci\u00f3n del matrimonio debidamente legalizada y registrada ante el Registro Nacional de las Personas de Honduras.<\/p>\n<p style=\"text-align: justify;\"><strong>Hondure\u00f1os naturalizados:<\/strong><\/p>\n<p style=\"text-align: justify;\">Los hondure\u00f1os naturalizados son los extranjeros que despu\u00e9s de reunir los requisitos de Ley para la residencia en Honduras, han obtenido la nacionalidad hondure\u00f1a. Los requisitos para la obtenci\u00f3n del pasaporte hondure\u00f1o por naturalizaci\u00f3n son:<\/p>\n<p style=\"text-align: justify;\">\u2022 Tarjeta de identidad (en caso de no contar con este documento, no se proceder\u00e1 a la emisi\u00f3n del pasaporte).<\/p>\n<p style=\"text-align: justify;\">\u2022 Acta de Naturalizaci\u00f3n emitida por el Registro Nacional de las Personas.<\/p>\n<p style=\"text-align: justify;\">\u2022 Resoluci\u00f3n del Decreto emitido por la Secretar\u00eda de Derechos Humanos, Justicia, Gobernaci\u00f3n y Descentralizaci\u00f3n.<\/p>\n<p style=\"text-align: justify;\">\u2022 Si el solicitante tiene m\u00e1s de dos a\u00f1os de residir en el extranjero, deber\u00e1 presentar la Carta de Autorizaci\u00f3n emitida por el Poder Ejecutivo.<\/p>\n[\/vc_column_text][\/vc_column][vc_column column_padding=&#8221;no-extra-padding&#8221; column_padding_tablet=&#8221;inherit&#8221; column_padding_phone=&#8221;inherit&#8221; column_padding_position=&#8221;all&#8221; background_color=&#8221;#ffffff&#8221; background_color_opacity=&#8221;1&#8243; background_hover_color_opacity=&#8221;1&#8243; column_shadow=&#8221;none&#8221; column_border_radius=&#8221;none&#8221; column_link_target=&#8221;_self&#8221; gradient_direction=&#8221;left_to_right&#8221; overlay_strength=&#8221;0.3&#8243; width=&#8221;1\/3&#8243; tablet_width_inherit=&#8221;default&#8221; tablet_text_alignment=&#8221;default&#8221; phone_text_alignment=&#8221;default&#8221; column_border_width=&#8221;none&#8221; column_border_style=&#8221;solid&#8221; bg_image_animation=&#8221;none&#8221;][\/vc_column][\/vc_row]\n","protected":false},"excerpt":{"rendered":"<p>[vc_row type=&#8221;in_container&#8221; full_screen_row_position=&#8221;middle&#8221; column_margin=&#8221;default&#8221; column_direction=&#8221;default&#8221; column_direction_tablet=&#8221;default&#8221; column_direction_phone=&#8221;default&#8221; scene_position=&#8221;center&#8221; text_color=&#8221;dark&#8221; text_align=&#8221;left&#8221; row_border_radius=&#8221;none&#8221; row_border_radius_applies=&#8221;bg&#8221; overlay_strength=&#8221;0.3&#8243; gradient_direction=&#8221;left_to_right&#8221; shape_divider_position=&#8221;bottom&#8221; bg_image_animation=&#8221;none&#8221;][vc_column column_padding=&#8221;no-extra-padding&#8221; column_padding_tablet=&#8221;inherit&#8221; column_padding_phone=&#8221;inherit&#8221; column_padding_position=&#8221;all&#8221; background_color_opacity=&#8221;1&#8243; background_hover_color_opacity=&#8221;1&#8243; column_shadow=&#8221;none&#8221; column_border_radius=&#8221;none&#8221; column_link_target=&#8221;_self&#8221; gradient_direction=&#8221;left_to_right&#8221; overlay_strength=&#8221;0.3&#8243; width=&#8221;2\/3&#8243; tablet_width_inherit=&#8221;default&#8221; tablet_text_alignment=&#8221;default&#8221;&#8230;<\/p>\n","protected":false},"author":1,"featured_media":0,"parent":0,"menu_order":0,"comment_status":"closed","ping_status":"closed","template":"","meta":{"nf_dc_page":"","_monsterinsights_skip_tracking":false,"_monsterinsights_sitenote_active":false,"_monsterinsights_sitenote_note":"","_monsterinsights_sitenote_category":0,"footnotes":""},"class_list":["post-2674","page","type-page","status-publish"],"_links":{"self":[{"href":"https:\/\/hondurasenalemania.com\/new\/wp-json\/wp\/v2\/pages\/2674","targetHints":{"allow":["GET"]}}],"collection":[{"href":"https:\/\/hondurasenalemania.com\/new\/wp-json\/wp\/v2\/pages"}],"about":[{"href":"https:\/\/hondurasenalemania.com\/new\/wp-json\/wp\/v2\/types\/page"}],"author":[{"embeddable":true,"href":"https:\/\/hondurasenalemania.com\/new\/wp-json\/wp\/v2\/users\/1"}],"replies":[{"embeddable":true,"href":"https:\/\/hondurasenalemania.com\/new\/wp-json\/wp\/v2\/comments?post=2674"}],"version-history":[{"count":6,"href":"https:\/\/hondurasenalemania.com\/new\/wp-json\/wp\/v2\/pages\/2674\/revisions"}],"predecessor-version":[{"id":3298,"href":"https:\/\/hondurasenalemania.com\/new\/wp-json\/wp\/v2\/pages\/2674\/revisions\/3298"}],"wp:attachment":[{"href":"https:\/\/hondurasenalemania.com\/new\/wp-json\/wp\/v2\/media?parent=2674"}],"curies":[{"name":"wp","href":"https:\/\/api.w.org\/{rel}","templated":true}]}}